{"id":3830,"date":"2021-12-29T18:53:58","date_gmt":"2021-12-29T15:53:58","guid":{"rendered":"https:\/\/cheersyachting.com\/haftalik-mavi-yolculuklar\/"},"modified":"2021-12-29T18:55:58","modified_gmt":"2021-12-29T15:55:58","slug":"haftalik-mavi-yolculuklar","status":"publish","type":"page","link":"https:\/\/cheersyachting.com\/tr\/haftalik-mavi-yolculuklar\/","title":{"rendered":"Haftal\u0131k Mavi Yolculuklar"},"content":{"rendered":"<div  class='flex_column av-ya18i1-2b8ef79ab4b8de31d77c5797e68c9481 av_one_full  avia-builder-el-0  el_before_av_section  avia-builder-el-no-sibling  first flex_column_div  '     ><style type=\"text\/css\" data-created_by=\"avia_inline_auto\" id=\"style-css-av-kxrpmw1d-a2fa80f3d751837a49628c37c859bf62\">\n#top .av-special-heading.av-kxrpmw1d-a2fa80f3d751837a49628c37c859bf62{\npadding-bottom:10px;\n}\nbody .av-special-heading.av-kxrpmw1d-a2fa80f3d751837a49628c37c859bf62 .av-special-heading-tag .heading-char{\nfont-size:25px;\n}\n.av-special-heading.av-kxrpmw1d-a2fa80f3d751837a49628c37c859bf62 .av-subheading{\nfont-size:15px;\n}\n<\/style>\n<div  class='av-special-heading av-kxrpmw1d-a2fa80f3d751837a49628c37c859bf62 av-special-heading-h1 blockquote modern-quote modern-centered  avia-builder-el-1  avia-builder-el-no-sibling '><h1 class='av-special-heading-tag '  itemprop=\"headline\"  >Haftal\u0131k Mavi Yolculuklar<\/h1><div class=\"special-heading-border\"><div class=\"special-heading-inner-border\"><\/div><\/div><\/div><\/div>\n<\/div><\/div><\/div><!-- close content main div --><\/div><\/div><div id='av_section_1'  class='avia-section av-wehtmx-7156d106cde9cb81bbd59003abc2ff3f main_color avia-section-default avia-no-border-styling  avia-builder-el-2  el_after_av_one_full  avia-builder-el-last  avia-bg-style-scroll container_wrap fullsize'  ><div class='container av-section-cont-open' ><div class='template-page content  av-content-full alpha units'><div class='post-entry post-entry-type-page post-entry-3830'><div class='entry-content-wrapper clearfix'>\n\n<style type=\"text\/css\" data-created_by=\"avia_inline_auto\" id=\"style-css-av-34n2vt-306cfa18d11b3972a14ecadcab72ee59\">\n.flex_column.av-34n2vt-306cfa18d11b3972a14ecadcab72ee59{\nborder-radius:0px 0px 0px 0px;\npadding:0px 0px 0px 0px;\n}\n<\/style>\n<div  class='flex_column av-34n2vt-306cfa18d11b3972a14ecadcab72ee59 av_one_half  avia-builder-el-3  el_before_av_one_half  avia-builder-el-first  first flex_column_div av-zero-column-padding  '     ><p>\n<style type=\"text\/css\" data-created_by=\"avia_inline_auto\" id=\"style-css-av-svtf95-c6256923b4588c4df64714599c08da3e\">\n#top .av-special-heading.av-svtf95-c6256923b4588c4df64714599c08da3e{\npadding-bottom:10px;\n}\nbody .av-special-heading.av-svtf95-c6256923b4588c4df64714599c08da3e .av-special-heading-tag .heading-char{\nfont-size:25px;\n}\n.av-special-heading.av-svtf95-c6256923b4588c4df64714599c08da3e .av-subheading{\nfont-size:15px;\n}\n<\/style>\n<div  class='av-special-heading av-svtf95-c6256923b4588c4df64714599c08da3e av-special-heading-h3 blockquote modern-quote  avia-builder-el-4  el_before_av_textblock  avia-builder-el-first  av-linked-heading'><h3 class='av-special-heading-tag '  itemprop=\"headline\"  ><a class=\"av-heading-link\" href=\"https:\/\/cheersyachting.com\/routes\/blue-cruise-fethiye-gocek-fethiye\/\" >Mavi Yolculuk Fethiye-G\u00f6cek-Fethiye<\/a><\/h3><div class=\"special-heading-border\"><div class=\"special-heading-inner-border\"><\/div><\/div><\/div><br \/>\n<section  class='av_textblock_section av-r837uh-9c44cbcbdaa60fce875bafa032999f48 '   itemscope=\"itemscope\" itemtype=\"https:\/\/schema.org\/CreativeWork\" ><div class='avia_textblock'  itemprop=\"text\" ><p>Mavi yolculu\u011fumuza ba\u015flamak i\u00e7in Fethiye yat liman\u0131nda \u00f6\u011fleden sonra saat 16:00\u2019da teknede bulu\u015fuyoruz. Liman i\u015flemleri ve kumanya al\u0131\u015fveri\u015fimizi tamamlad\u0131ktan sonra konaklamak i\u00e7in K\u0131z\u0131l Ada\u2019ya hareket ediyoruz.<\/p>\n<\/div><\/section><\/p><\/div>\n<style type=\"text\/css\" data-created_by=\"avia_inline_auto\" id=\"style-css-av-px69dl-a4fe9c105ac17fe7eb18b93ffb52204c\">\n.flex_column.av-px69dl-a4fe9c105ac17fe7eb18b93ffb52204c{\nborder-radius:0px 0px 0px 0px;\npadding:0px 0px 0px 0px;\n}\n<\/style>\n<div  class='flex_column av-px69dl-a4fe9c105ac17fe7eb18b93ffb52204c av_one_half  avia-builder-el-6  el_after_av_one_half  el_before_av_one_half  flex_column_div av-zero-column-padding  '     ><p>\n<style type=\"text\/css\" data-created_by=\"avia_inline_auto\" id=\"style-css-av-nq393d-67a676e02eddc1c5a28cb6d961db506b\">\n#top .av-special-heading.av-nq393d-67a676e02eddc1c5a28cb6d961db506b{\npadding-bottom:10px;\n}\nbody .av-special-heading.av-nq393d-67a676e02eddc1c5a28cb6d961db506b .av-special-heading-tag .heading-char{\nfont-size:25px;\n}\n.av-special-heading.av-nq393d-67a676e02eddc1c5a28cb6d961db506b .av-subheading{\nfont-size:15px;\n}\n<\/style>\n<div  class='av-special-heading av-nq393d-67a676e02eddc1c5a28cb6d961db506b av-special-heading-h3 blockquote modern-quote  avia-builder-el-7  el_before_av_textblock  avia-builder-el-first  av-linked-heading'><h3 class='av-special-heading-tag '  itemprop=\"headline\"  ><a class=\"av-heading-link\" href=\"https:\/\/cheersyachting.com\/routes\/blue-cruise-fethiye-kekova-fethiye\/\" >Mavi Yolculuk Fethiye-Kekova-Fethiye<\/a><\/h3><div class=\"special-heading-border\"><div class=\"special-heading-inner-border\"><\/div><\/div><\/div><br \/>\n<section  class='av_textblock_section av-ml59tl-49b5fa240a75514ee65d631f7d705620 '   itemscope=\"itemscope\" itemtype=\"https:\/\/schema.org\/CreativeWork\" ><div class='avia_textblock'  itemprop=\"text\" ><p>Fethiye yat liman\u0131nda saat 16 :00 da bulu\u015fuyoruz. Liman i\u015flemlerimizi bitirdikten sonra mavi yolculu\u011fumuza ba\u015fl\u0131yoruz. Bu gece boncuklu Koyu&#8217;nda konakl\u0131yoruz.<\/p>\n<\/div><\/section><\/p><\/div>\n<style type=\"text\/css\" data-created_by=\"avia_inline_auto\" id=\"style-css-av-kvzua1-840b706174557b0a375ae828d1fc40ea\">\n.flex_column.av-kvzua1-840b706174557b0a375ae828d1fc40ea{\nborder-radius:0px 0px 0px 0px;\npadding:0px 0px 0px 0px;\n}\n<\/style>\n<div  class='flex_column av-kvzua1-840b706174557b0a375ae828d1fc40ea av_one_half  avia-builder-el-9  el_after_av_one_half  el_before_av_one_half  first flex_column_div av-zero-column-padding  column-top-margin'     ><p>\n<style type=\"text\/css\" data-created_by=\"avia_inline_auto\" id=\"style-css-av-iq8mo9-41b1ada457f757d8c722258a06b9bd5c\">\n#top .av-special-heading.av-iq8mo9-41b1ada457f757d8c722258a06b9bd5c{\npadding-bottom:10px;\n}\nbody .av-special-heading.av-iq8mo9-41b1ada457f757d8c722258a06b9bd5c .av-special-heading-tag .heading-char{\nfont-size:25px;\n}\n.av-special-heading.av-iq8mo9-41b1ada457f757d8c722258a06b9bd5c .av-subheading{\nfont-size:15px;\n}\n<\/style>\n<div  class='av-special-heading av-iq8mo9-41b1ada457f757d8c722258a06b9bd5c av-special-heading-h3 blockquote modern-quote  avia-builder-el-10  el_before_av_textblock  avia-builder-el-first  av-linked-heading'><h3 class='av-special-heading-tag '  itemprop=\"headline\"  ><a class=\"av-heading-link\" href=\"https:\/\/cheersyachting.com\/routes\/blue-cruise-fethiye-kekova\/\" >Mavi Yolculuk: Fethiye-Ka\u015f-Kekova <\/a><\/h3><div class=\"special-heading-border\"><div class=\"special-heading-inner-border\"><\/div><\/div><\/div><br \/>\n<section  class='av_textblock_section av-i5a66h-c8deb9fba7c2e68f9c21b2fb649aa713 '   itemscope=\"itemscope\" itemtype=\"https:\/\/schema.org\/CreativeWork\" ><div class='avia_textblock'  itemprop=\"text\" ><p>Fethiye yat liman\u0131nda saat 16:00 da bulu\u015fuyoruz. Liman i\u015flemlerimiz bitirdikten mavi yolculu\u011fumuza ba\u015fl\u0131yoruz. Bu gece konkalamam\u0131z boncuklu koyunda.<\/p>\n<\/div><\/section><\/p><\/div>\n<style type=\"text\/css\" data-created_by=\"avia_inline_auto\" id=\"style-css-av-f3op55-e6861b205e4af45f7caaa267a020d952\">\n.flex_column.av-f3op55-e6861b205e4af45f7caaa267a020d952{\nborder-radius:0px 0px 0px 0px;\npadding:0px 0px 0px 0px;\n}\n<\/style>\n<div  class='flex_column av-f3op55-e6861b205e4af45f7caaa267a020d952 av_one_half  avia-builder-el-12  el_after_av_one_half  el_before_av_one_half  flex_column_div av-zero-column-padding  column-top-margin'     ><p>\n<style type=\"text\/css\" data-created_by=\"avia_inline_auto\" id=\"style-css-av-1h6qex-4e272d2b2dccc25526235abae1f9e125\">\n#top .av-special-heading.av-1h6qex-4e272d2b2dccc25526235abae1f9e125{\npadding-bottom:10px;\n}\nbody .av-special-heading.av-1h6qex-4e272d2b2dccc25526235abae1f9e125 .av-special-heading-tag .heading-char{\nfont-size:25px;\n}\n.av-special-heading.av-1h6qex-4e272d2b2dccc25526235abae1f9e125 .av-subheading{\nfont-size:15px;\n}\n<\/style>\n<div  class='av-special-heading av-1h6qex-4e272d2b2dccc25526235abae1f9e125 av-special-heading-h3 blockquote modern-quote  avia-builder-el-13  el_before_av_textblock  avia-builder-el-first  av-linked-heading'><h3 class='av-special-heading-tag '  itemprop=\"headline\"  ><a class=\"av-heading-link\" href=\"https:\/\/cheersyachting.com\/routes\/blue-cruise-fethiye-marmaris-fethiye\/\" >Mavi yolculuk: Fethiye-Marmaris-Fethiye<\/a><\/h3><div class=\"special-heading-border\"><div class=\"special-heading-inner-border\"><\/div><\/div><\/div><br \/>\n<section  class='av_textblock_section av-bs6561-c17cabf3d89f8350e837f2abf9528a78 '   itemscope=\"itemscope\" itemtype=\"https:\/\/schema.org\/CreativeWork\" ><div class='avia_textblock'  itemprop=\"text\" ><p>Saat 16:00\u00b4da Fethiye Yat Liman\u0131\u00b4nda guletimiz\u2019de bulu\u015fup tur program\u0131 hakk\u0131nda bilgilendirilme yap\u0131lmas\u0131 ve liman \u00e7\u0131k\u0131\u015f i\u015flemleri yap\u0131ld\u0131ktan sonra hareket ediyoruz. Ak\u015fam yeme\u011fi ve konaklamak i\u00e7in A Liman\u0131\u00b4na hareket ediyoruz.<\/p>\n<\/div><\/section><\/p><\/div>\n<style type=\"text\/css\" data-created_by=\"avia_inline_auto\" id=\"style-css-av-b6sgu1-a53617ef0ab8a0c8b7d1512b878ff0cb\">\n.flex_column.av-b6sgu1-a53617ef0ab8a0c8b7d1512b878ff0cb{\nborder-radius:0px 0px 0px 0px;\npadding:0px 0px 0px 0px;\n}\n<\/style>\n<div  class='flex_column av-b6sgu1-a53617ef0ab8a0c8b7d1512b878ff0cb av_one_half  avia-builder-el-15  el_after_av_one_half  el_before_av_one_half  first flex_column_div av-zero-column-padding  column-top-margin'     ><p>\n<style type=\"text\/css\" data-created_by=\"avia_inline_auto\" id=\"style-css-av-8yr5zd-acc7fca757da79175d1816ff3a44caf3\">\n#top .av-special-heading.av-8yr5zd-acc7fca757da79175d1816ff3a44caf3{\npadding-bottom:10px;\n}\nbody .av-special-heading.av-8yr5zd-acc7fca757da79175d1816ff3a44caf3 .av-special-heading-tag .heading-char{\nfont-size:25px;\n}\n.av-special-heading.av-8yr5zd-acc7fca757da79175d1816ff3a44caf3 .av-subheading{\nfont-size:15px;\n}\n<\/style>\n<div  class='av-special-heading av-8yr5zd-acc7fca757da79175d1816ff3a44caf3 av-special-heading-h3 blockquote modern-quote  avia-builder-el-16  el_before_av_textblock  avia-builder-el-first  av-linked-heading'><h3 class='av-special-heading-tag '  itemprop=\"headline\"  ><a class=\"av-heading-link\" href=\"https:\/\/cheersyachting.com\/routes\/bluecruise-kas-kekova-kas\/\" >Mavi Yolculuk Ka\u015f-Kekova-Ka\u015f<\/a><\/h3><div class=\"special-heading-border\"><div class=\"special-heading-inner-border\"><\/div><\/div><\/div><br \/>\n<section  class='av_textblock_section av-7c2961-fbff91939d2976a33e0c636c759a4952 '   itemscope=\"itemscope\" itemtype=\"https:\/\/schema.org\/CreativeWork\" ><div class='avia_textblock'  itemprop=\"text\" ><p>Ka\u015f liman\u0131nda saat 16:30\u2019da sizleri kar\u015f\u0131l\u0131yoruz. Liman i\u015flemlerinden sonra Hidayet koyuna hareket ediyoruz. Bug\u00fcn konaklamam\u0131z hidayet koyunda.<\/p>\n<\/div><\/section><\/p><\/div>\n<style type=\"text\/css\" data-created_by=\"avia_inline_auto\" id=\"style-css-av-5t8ns9-3f1627a711e120be7d06fe8a219a636c\">\n.flex_column.av-5t8ns9-3f1627a711e120be7d06fe8a219a636c{\nborder-radius:0px 0px 0px 0px;\npadding:0px 0px 0px 0px;\n}\n<\/style>\n<div  class='flex_column av-5t8ns9-3f1627a711e120be7d06fe8a219a636c av_one_half  avia-builder-el-18  el_after_av_one_half  el_before_av_one_half  flex_column_div av-zero-column-padding  column-top-margin'     ><p>\n<style type=\"text\/css\" data-created_by=\"avia_inline_auto\" id=\"style-css-av-49vcix-081dcee9a2030e96b715d76e4a5fa60b\">\n#top .av-special-heading.av-49vcix-081dcee9a2030e96b715d76e4a5fa60b{\npadding-bottom:10px;\n}\nbody .av-special-heading.av-49vcix-081dcee9a2030e96b715d76e4a5fa60b .av-special-heading-tag .heading-char{\nfont-size:25px;\n}\n.av-special-heading.av-49vcix-081dcee9a2030e96b715d76e4a5fa60b .av-subheading{\nfont-size:15px;\n}\n<\/style>\n<div  class='av-special-heading av-49vcix-081dcee9a2030e96b715d76e4a5fa60b av-special-heading-h3 blockquote modern-quote  avia-builder-el-19  el_before_av_textblock  avia-builder-el-first  av-linked-heading'><h3 class='av-special-heading-tag '  itemprop=\"headline\"  ><a class=\"av-heading-link\" href=\"https:\/\/cheersyachting.com\/routes\/lycian-cruise\/\" >Likya Mavi yolculuk<\/a><\/h3><div class=\"special-heading-border\"><div class=\"special-heading-inner-border\"><\/div><\/div><\/div><br \/>\n<section  class='av_textblock_section av-6xs55-82987760fbf4418f55e2f514385aa396 '   itemscope=\"itemscope\" itemtype=\"https:\/\/schema.org\/CreativeWork\" ><div class='avia_textblock'  itemprop=\"text\" ><p>Fethiye Liman\u00b4nda saat 15.30\u00b4da bulu\u015fuyoruz. Liman i\u015flemlerini bitirdikten sonra Boncuklu koyuna seyre \u00e7\u0131k\u0131yoruz. Burada y\u00fczme ve ak\u015fam yeme\u011fi i\u00e7in mangal keyfi yap\u0131yoruz.<\/p>\n<\/div><\/section><\/p><\/div>\n<style type=\"text\/css\" data-created_by=\"avia_inline_auto\" id=\"style-css-av-5yampl-53ecc9c20f355aa7913e950b584b2959\">\n.flex_column.av-5yampl-53ecc9c20f355aa7913e950b584b2959{\nborder-radius:0px 0px 0px 0px;\npadding:0px 0px 0px 0px;\n}\n<\/style>\n<div  class='flex_column av-5yampl-53ecc9c20f355aa7913e950b584b2959 av_one_half  avia-builder-el-21  el_after_av_one_half  avia-builder-el-last  first flex_column_div av-zero-column-padding  column-top-margin'     ><p>\n<style type=\"text\/css\" data-created_by=\"avia_inline_auto\" id=\"style-css-av-3lfafd-931104372625f7dd58a8efc5344a7821\">\n#top .av-special-heading.av-3lfafd-931104372625f7dd58a8efc5344a7821{\npadding-bottom:10px;\n}\nbody .av-special-heading.av-3lfafd-931104372625f7dd58a8efc5344a7821 .av-special-heading-tag .heading-char{\nfont-size:25px;\n}\n.av-special-heading.av-3lfafd-931104372625f7dd58a8efc5344a7821 .av-subheading{\nfont-size:15px;\n}\n<\/style>\n<div  class='av-special-heading av-3lfafd-931104372625f7dd58a8efc5344a7821 av-special-heading-h3 blockquote modern-quote  avia-builder-el-22  el_before_av_textblock  avia-builder-el-first  av-linked-heading'><h3 class='av-special-heading-tag '  itemprop=\"headline\"  ><a class=\"av-heading-link\" href=\"https:\/\/cheersyachting.com\/routes\/blue-cruise-fethiye-gocek-kekova\/\" >Mavi Yolculuk Fethiye-G\u00f6cek-Kekova (10 g\u00fcn)<\/a><\/h3><div class=\"special-heading-border\"><div class=\"special-heading-inner-border\"><\/div><\/div><\/div><br \/>\n<section  class='av_textblock_section av-1xpxvt-c91f652e28b2a38786b77abf593eefed '   itemscope=\"itemscope\" itemtype=\"https:\/\/schema.org\/CreativeWork\" ><div class='avia_textblock'  itemprop=\"text\" ><p>Mavi yolculu\u011fumuza ba\u015flamak i\u00e7in Fethiye yat liman\u0131nda \u00f6\u011fleden sonra saat 15:30\u2019da teknede bulu\u015fuyoruz. Liman i\u015flemleri ve kumanya al\u0131\u015fveri\u015fimizi tamamlad\u0131ktan sonra konaklamak i\u00e7in Yassicalara hareket ediyoruz.<\/p>\n<\/div><\/section><\/p><\/div>\n","protected":false},"excerpt":{"rendered":"","protected":false},"author":1,"featured_media":0,"parent":0,"menu_order":0,"comment_status":"closed","ping_status":"closed","template":"","meta":{"footnotes":""},"class_list":["post-3830","page","type-page","status-publish","hentry"],"yoast_head":"<!-- This site is optimized with the Yoast SEO plugin v26.7 - https:\/\/yoast.com\/wordpress\/plugins\/seo\/ -->\n<title>Haftal\u0131k Mavi Yolculuklar - Cheers Yachting<\/title>\n<meta name=\"robots\" content=\"index, follow, max-snippet:-1, max-image-preview:large, max-video-preview:-1\" \/>\n<link rel=\"canonical\" href=\"https:\/\/cheersyachting.com\/tr\/haftalik-mavi-yolculuklar\/\" \/>\n<meta property=\"og:locale\" content=\"tr_TR\" \/>\n<meta property=\"og:type\" content=\"article\" \/>\n<meta property=\"og:title\" content=\"Haftal\u0131k Mavi Yolculuklar - Cheers Yachting\" \/>\n<meta property=\"og:url\" content=\"https:\/\/cheersyachting.com\/tr\/haftalik-mavi-yolculuklar\/\" \/>\n<meta property=\"og:site_name\" content=\"Cheers Yachting\" \/>\n<meta property=\"article:publisher\" content=\"https:\/\/www.facebook.com\/cheersyachting\/\" \/>\n<meta property=\"article:modified_time\" content=\"2021-12-29T15:55:58+00:00\" \/>\n<meta property=\"og:image\" content=\"https:\/\/cheersyachting.com\/wp-content\/uploads\/Cheers-Yachting-Logo.jpg\" \/>\n\t<meta property=\"og:image:width\" content=\"839\" \/>\n\t<meta property=\"og:image:height\" content=\"353\" \/>\n\t<meta property=\"og:image:type\" content=\"image\/jpeg\" \/>\n<meta name=\"twitter:card\" content=\"summary_large_image\" \/>\n<meta name=\"twitter:label1\" content=\"Tahmini okuma s\u00fcresi\" \/>\n\t<meta name=\"twitter:data1\" content=\"11 dakika\" \/>\n<script type=\"application\/ld+json\" class=\"yoast-schema-graph\">{\"@context\":\"https:\/\/schema.org\",\"@graph\":[{\"@type\":\"WebPage\",\"@id\":\"https:\/\/cheersyachting.com\/tr\/haftalik-mavi-yolculuklar\/\",\"url\":\"https:\/\/cheersyachting.com\/tr\/haftalik-mavi-yolculuklar\/\",\"name\":\"Haftal\u0131k Mavi Yolculuklar - Cheers Yachting\",\"isPartOf\":{\"@id\":\"https:\/\/cheersyachting.com\/tr\/#website\"},\"datePublished\":\"2021-12-29T15:53:58+00:00\",\"dateModified\":\"2021-12-29T15:55:58+00:00\",\"breadcrumb\":{\"@id\":\"https:\/\/cheersyachting.com\/tr\/haftalik-mavi-yolculuklar\/#breadcrumb\"},\"inLanguage\":\"tr\",\"potentialAction\":[{\"@type\":\"ReadAction\",\"target\":[\"https:\/\/cheersyachting.com\/tr\/haftalik-mavi-yolculuklar\/\"]}]},{\"@type\":\"BreadcrumbList\",\"@id\":\"https:\/\/cheersyachting.com\/tr\/haftalik-mavi-yolculuklar\/#breadcrumb\",\"itemListElement\":[{\"@type\":\"ListItem\",\"position\":1,\"name\":\"Ana sayfa\",\"item\":\"https:\/\/cheersyachting.com\/tr\/\"},{\"@type\":\"ListItem\",\"position\":2,\"name\":\"Haftal\u0131k Mavi Yolculuklar\"}]},{\"@type\":\"WebSite\",\"@id\":\"https:\/\/cheersyachting.com\/tr\/#website\",\"url\":\"https:\/\/cheersyachting.com\/tr\/\",\"name\":\"Cheers Yachting\",\"description\":\"Cheers Yacht Charter\",\"potentialAction\":[{\"@type\":\"SearchAction\",\"target\":{\"@type\":\"EntryPoint\",\"urlTemplate\":\"https:\/\/cheersyachting.com\/tr\/?s={search_term_string}\"},\"query-input\":{\"@type\":\"PropertyValueSpecification\",\"valueRequired\":true,\"valueName\":\"search_term_string\"}}],\"inLanguage\":\"tr\"}]}<\/script>\n<!-- \/ Yoast SEO plugin. -->","yoast_head_json":{"title":"Haftal\u0131k Mavi Yolculuklar - Cheers Yachting","robots":{"index":"index","follow":"follow","max-snippet":"max-snippet:-1","max-image-preview":"max-image-preview:large","max-video-preview":"max-video-preview:-1"},"canonical":"https:\/\/cheersyachting.com\/tr\/haftalik-mavi-yolculuklar\/","og_locale":"tr_TR","og_type":"article","og_title":"Haftal\u0131k Mavi Yolculuklar - Cheers Yachting","og_url":"https:\/\/cheersyachting.com\/tr\/haftalik-mavi-yolculuklar\/","og_site_name":"Cheers Yachting","article_publisher":"https:\/\/www.facebook.com\/cheersyachting\/","article_modified_time":"2021-12-29T15:55:58+00:00","og_image":[{"width":839,"height":353,"url":"https:\/\/cheersyachting.com\/wp-content\/uploads\/Cheers-Yachting-Logo.jpg","type":"image\/jpeg"}],"twitter_card":"summary_large_image","twitter_misc":{"Tahmini okuma s\u00fcresi":"11 dakika"},"schema":{"@context":"https:\/\/schema.org","@graph":[{"@type":"WebPage","@id":"https:\/\/cheersyachting.com\/tr\/haftalik-mavi-yolculuklar\/","url":"https:\/\/cheersyachting.com\/tr\/haftalik-mavi-yolculuklar\/","name":"Haftal\u0131k Mavi Yolculuklar - Cheers Yachting","isPartOf":{"@id":"https:\/\/cheersyachting.com\/tr\/#website"},"datePublished":"2021-12-29T15:53:58+00:00","dateModified":"2021-12-29T15:55:58+00:00","breadcrumb":{"@id":"https:\/\/cheersyachting.com\/tr\/haftalik-mavi-yolculuklar\/#breadcrumb"},"inLanguage":"tr","potentialAction":[{"@type":"ReadAction","target":["https:\/\/cheersyachting.com\/tr\/haftalik-mavi-yolculuklar\/"]}]},{"@type":"BreadcrumbList","@id":"https:\/\/cheersyachting.com\/tr\/haftalik-mavi-yolculuklar\/#breadcrumb","itemListElement":[{"@type":"ListItem","position":1,"name":"Ana sayfa","item":"https:\/\/cheersyachting.com\/tr\/"},{"@type":"ListItem","position":2,"name":"Haftal\u0131k Mavi Yolculuklar"}]},{"@type":"WebSite","@id":"https:\/\/cheersyachting.com\/tr\/#website","url":"https:\/\/cheersyachting.com\/tr\/","name":"Cheers Yachting","description":"Cheers Yacht Charter","potentialAction":[{"@type":"SearchAction","target":{"@type":"EntryPoint","urlTemplate":"https:\/\/cheersyachting.com\/tr\/?s={search_term_string}"},"query-input":{"@type":"PropertyValueSpecification","valueRequired":true,"valueName":"search_term_string"}}],"inLanguage":"tr"}]}},"_links":{"self":[{"href":"https:\/\/cheersyachting.com\/tr\/wp-json\/wp\/v2\/pages\/3830","targetHints":{"allow":["GET"]}}],"collection":[{"href":"https:\/\/cheersyachting.com\/tr\/wp-json\/wp\/v2\/pages"}],"about":[{"href":"https:\/\/cheersyachting.com\/tr\/wp-json\/wp\/v2\/types\/page"}],"author":[{"embeddable":true,"href":"https:\/\/cheersyachting.com\/tr\/wp-json\/wp\/v2\/users\/1"}],"replies":[{"embeddable":true,"href":"https:\/\/cheersyachting.com\/tr\/wp-json\/wp\/v2\/comments?post=3830"}],"version-history":[{"count":5,"href":"https:\/\/cheersyachting.com\/tr\/wp-json\/wp\/v2\/pages\/3830\/revisions"}],"predecessor-version":[{"id":3840,"href":"https:\/\/cheersyachting.com\/tr\/wp-json\/wp\/v2\/pages\/3830\/revisions\/3840"}],"wp:attachment":[{"href":"https:\/\/cheersyachting.com\/tr\/wp-json\/wp\/v2\/media?parent=3830"}],"curies":[{"name":"wp","href":"https:\/\/api.w.org\/{rel}","templated":true}]}}