{"id":3826,"date":"2021-12-29T18:50:16","date_gmt":"2021-12-29T15:50:16","guid":{"rendered":"https:\/\/cheersyachting.com\/4-gun-3-gece-mavi-yolculuk\/"},"modified":"2021-12-29T18:54:11","modified_gmt":"2021-12-29T15:54:11","slug":"4-gun-3-gece-mavi-yolculuk","status":"publish","type":"page","link":"https:\/\/cheersyachting.com\/tr\/4-gun-3-gece-mavi-yolculuk\/","title":{"rendered":"4 G\u00fcn \/ 3 Gece Mavi Yolculuk"},"content":{"rendered":"<div  class='flex_column av-1efpld-0c52b14c9dd820f5914dd0d171da9ffe av_one_full  avia-builder-el-0  el_before_av_section  avia-builder-el-no-sibling  first flex_column_div  '     ><style type=\"text\/css\" data-created_by=\"avia_inline_auto\" id=\"style-css-av-kxrpk5b5-f0f44f13cee28bc10254b3ed0bad47c6\">\n#top .av-special-heading.av-kxrpk5b5-f0f44f13cee28bc10254b3ed0bad47c6{\npadding-bottom:10px;\n}\nbody .av-special-heading.av-kxrpk5b5-f0f44f13cee28bc10254b3ed0bad47c6 .av-special-heading-tag .heading-char{\nfont-size:25px;\n}\n.av-special-heading.av-kxrpk5b5-f0f44f13cee28bc10254b3ed0bad47c6 .av-subheading{\nfont-size:15px;\n}\n<\/style>\n<div  class='av-special-heading av-kxrpk5b5-f0f44f13cee28bc10254b3ed0bad47c6 av-special-heading-h1 blockquote modern-quote modern-centered  avia-builder-el-1  avia-builder-el-no-sibling '><h1 class='av-special-heading-tag '  itemprop=\"headline\"  >4 G\u00fcn \/ 3 Gece Mavi Yolculuk<\/h1><div class=\"special-heading-border\"><div class=\"special-heading-inner-border\"><\/div><\/div><\/div><\/div><\/div><\/div><\/div><!-- close content main div --><\/div><\/div><div id='av_section_1'  class='avia-section av-c9a535-9e16faae290377089b7a68c886e53fb3 main_color avia-section-default avia-no-border-styling  avia-builder-el-2  el_after_av_one_full  avia-builder-el-last  avia-bg-style-scroll container_wrap fullsize'  ><div class='container av-section-cont-open' ><div class='template-page content  av-content-full alpha units'><div class='post-entry post-entry-type-page post-entry-3826'><div class='entry-content-wrapper clearfix'>\n\n<style type=\"text\/css\" data-created_by=\"avia_inline_auto\" id=\"style-css-av-bfvr8h-c5c259541becdc7abb22d46de28fb534\">\n.flex_column.av-bfvr8h-c5c259541becdc7abb22d46de28fb534{\nborder-radius:0px 0px 0px 0px;\npadding:0px 0px 0px 0px;\n}\n<\/style>\n<div  class='flex_column av-bfvr8h-c5c259541becdc7abb22d46de28fb534 av_one_half  avia-builder-el-3  el_before_av_one_half  avia-builder-el-first  first flex_column_div av-zero-column-padding  '     ><p>\n<style type=\"text\/css\" data-created_by=\"avia_inline_auto\" id=\"style-css-av-8uvf41-599b48e53be2019d6e145c0eb8a82de8\">\n#top .av-special-heading.av-8uvf41-599b48e53be2019d6e145c0eb8a82de8{\npadding-bottom:10px;\n}\nbody .av-special-heading.av-8uvf41-599b48e53be2019d6e145c0eb8a82de8 .av-special-heading-tag .heading-char{\nfont-size:25px;\n}\n.av-special-heading.av-8uvf41-599b48e53be2019d6e145c0eb8a82de8 .av-subheading{\nfont-size:15px;\n}\n<\/style>\n<div  class='av-special-heading av-8uvf41-599b48e53be2019d6e145c0eb8a82de8 av-special-heading-h3 blockquote modern-quote  avia-builder-el-4  el_before_av_textblock  avia-builder-el-first  av-linked-heading'><h3 class='av-special-heading-tag '  itemprop=\"headline\"  ><a class=\"av-heading-link\" href=\"https:\/\/cheersyachting.com\/routes\/blue-cruise-fethiye-to-olympos\/\" >Mavi yolculuk Fethiye Olimpos<\/a><\/h3><div class=\"special-heading-border\"><div class=\"special-heading-inner-border\"><\/div><\/div><\/div><br \/>\n<section  class='av_textblock_section av-819bhd-6490700556383637efb668e99ce0e051 '   itemscope=\"itemscope\" itemtype=\"https:\/\/schema.org\/CreativeWork\" ><div class='avia_textblock'  itemprop=\"text\" ><p>Fethiye Liman\u0131\u00b4nda saat 11.00\u00b4de limandan ayr\u0131l\u0131yoruz. \u0130lk rotam\u0131z Kelebekler Vadisi\u00b4dir.(Hava \u015fartlar\u0131na g\u00f6re bu rotam\u0131z iptal olabilir.)Kelebekler Vadisi\u00b4nde iki saatlik bir mola verilir. Sonraki var\u0131\u015f yerimiz \u00d6l\u00fcdenizdir.<\/p>\n<\/div><\/section><\/p><\/div>\n<style type=\"text\/css\" data-created_by=\"avia_inline_auto\" id=\"style-css-av-61qav5-26306aa0e23e6fa0d49339f194ae4600\">\n.flex_column.av-61qav5-26306aa0e23e6fa0d49339f194ae4600{\nborder-radius:0px 0px 0px 0px;\npadding:0px 0px 0px 0px;\n}\n<\/style>\n<div  class='flex_column av-61qav5-26306aa0e23e6fa0d49339f194ae4600 av_one_half  avia-builder-el-6  el_after_av_one_half  avia-builder-el-last  flex_column_div av-zero-column-padding  '     ><p>\n<style type=\"text\/css\" data-created_by=\"avia_inline_auto\" id=\"style-css-av-4bu2td-fb14358f902fc5f642b79590ddf50d43\">\n#top .av-special-heading.av-4bu2td-fb14358f902fc5f642b79590ddf50d43{\npadding-bottom:10px;\n}\nbody .av-special-heading.av-4bu2td-fb14358f902fc5f642b79590ddf50d43 .av-special-heading-tag .heading-char{\nfont-size:25px;\n}\n.av-special-heading.av-4bu2td-fb14358f902fc5f642b79590ddf50d43 .av-subheading{\nfont-size:15px;\n}\n<\/style>\n<div  class='av-special-heading av-4bu2td-fb14358f902fc5f642b79590ddf50d43 av-special-heading-h3 blockquote modern-quote  avia-builder-el-7  el_before_av_textblock  avia-builder-el-first  av-linked-heading'><h3 class='av-special-heading-tag '  itemprop=\"headline\"  ><a class=\"av-heading-link\" href=\"https:\/\/cheersyachting.com\/routes\/blue-cruise-olympos-fethiye\/\" >Mavi Yolculuk Olimpos Fethiye<\/a><\/h3><div class=\"special-heading-border\"><div class=\"special-heading-inner-border\"><\/div><\/div><\/div><br \/>\n<section  class='av_textblock_section av-2mofk1-9b5702b2d333e826e0c00170135194aa '   itemscope=\"itemscope\" itemtype=\"https:\/\/schema.org\/CreativeWork\" ><div class='avia_textblock'  itemprop=\"text\" ><p>3 gece \/ 4 g\u00fcn s\u00fcren Olympos-Fethiye turumuz , tarihi geziler, y\u00fczme, \u015fnorkelli y\u00fczme ak\u015famlar\u0131 e\u011flence ve g\u00fcvertede dinlenmek gibi bir\u00e7ok aktiviteye sahip. Her g\u00fcn gizemli koylarda geceleme olanaklar\u0131 i\u00e7ermektedir. Kahvalt\u0131, \u00f6\u011fle ve ak\u015fam yemekleri i\u00e7in her g\u00fcn yeni bir durak. Olympos\u2019tan transferinizden sonra Demre liman\u0131nda (Andriake Liman\u0131) turumuza ba\u015fl\u0131yoruz.<\/p>\n<\/div><\/section><\/p><\/div>\n<\/p>\n","protected":false},"excerpt":{"rendered":"","protected":false},"author":1,"featured_media":0,"parent":0,"menu_order":0,"comment_status":"closed","ping_status":"closed","template":"","meta":{"footnotes":""},"class_list":["post-3826","page","type-page","status-publish","hentry"],"yoast_head":"<!-- This site is optimized with the Yoast SEO plugin v26.7 - https:\/\/yoast.com\/wordpress\/plugins\/seo\/ -->\n<title>4 G\u00fcn \/ 3 Gece Mavi Yolculuk - Cheers Yachting<\/title>\n<meta name=\"robots\" content=\"index, follow, max-snippet:-1, max-image-preview:large, max-video-preview:-1\" \/>\n<link rel=\"canonical\" href=\"https:\/\/cheersyachting.com\/tr\/4-gun-3-gece-mavi-yolculuk\/\" \/>\n<meta property=\"og:locale\" content=\"tr_TR\" \/>\n<meta property=\"og:type\" content=\"article\" \/>\n<meta property=\"og:title\" content=\"4 G\u00fcn \/ 3 Gece Mavi Yolculuk - Cheers Yachting\" \/>\n<meta property=\"og:url\" content=\"https:\/\/cheersyachting.com\/tr\/4-gun-3-gece-mavi-yolculuk\/\" \/>\n<meta property=\"og:site_name\" content=\"Cheers Yachting\" \/>\n<meta property=\"article:publisher\" content=\"https:\/\/www.facebook.com\/cheersyachting\/\" \/>\n<meta property=\"article:modified_time\" content=\"2021-12-29T15:54:11+00:00\" \/>\n<meta property=\"og:image\" content=\"https:\/\/cheersyachting.com\/wp-content\/uploads\/Cheers-Yachting-Logo.jpg\" \/>\n\t<meta property=\"og:image:width\" content=\"839\" \/>\n\t<meta property=\"og:image:height\" content=\"353\" \/>\n\t<meta property=\"og:image:type\" content=\"image\/jpeg\" \/>\n<meta name=\"twitter:card\" content=\"summary_large_image\" \/>\n<meta name=\"twitter:label1\" content=\"Tahmini okuma s\u00fcresi\" \/>\n\t<meta name=\"twitter:data1\" content=\"5 dakika\" \/>\n<script type=\"application\/ld+json\" class=\"yoast-schema-graph\">{\"@context\":\"https:\/\/schema.org\",\"@graph\":[{\"@type\":\"WebPage\",\"@id\":\"https:\/\/cheersyachting.com\/tr\/4-gun-3-gece-mavi-yolculuk\/\",\"url\":\"https:\/\/cheersyachting.com\/tr\/4-gun-3-gece-mavi-yolculuk\/\",\"name\":\"4 G\u00fcn \/ 3 Gece Mavi Yolculuk - Cheers Yachting\",\"isPartOf\":{\"@id\":\"https:\/\/cheersyachting.com\/tr\/#website\"},\"datePublished\":\"2021-12-29T15:50:16+00:00\",\"dateModified\":\"2021-12-29T15:54:11+00:00\",\"breadcrumb\":{\"@id\":\"https:\/\/cheersyachting.com\/tr\/4-gun-3-gece-mavi-yolculuk\/#breadcrumb\"},\"inLanguage\":\"tr\",\"potentialAction\":[{\"@type\":\"ReadAction\",\"target\":[\"https:\/\/cheersyachting.com\/tr\/4-gun-3-gece-mavi-yolculuk\/\"]}]},{\"@type\":\"BreadcrumbList\",\"@id\":\"https:\/\/cheersyachting.com\/tr\/4-gun-3-gece-mavi-yolculuk\/#breadcrumb\",\"itemListElement\":[{\"@type\":\"ListItem\",\"position\":1,\"name\":\"Ana sayfa\",\"item\":\"https:\/\/cheersyachting.com\/tr\/\"},{\"@type\":\"ListItem\",\"position\":2,\"name\":\"4 G\u00fcn \/ 3 Gece Mavi Yolculuk\"}]},{\"@type\":\"WebSite\",\"@id\":\"https:\/\/cheersyachting.com\/tr\/#website\",\"url\":\"https:\/\/cheersyachting.com\/tr\/\",\"name\":\"Cheers Yachting\",\"description\":\"Cheers Yacht Charter\",\"potentialAction\":[{\"@type\":\"SearchAction\",\"target\":{\"@type\":\"EntryPoint\",\"urlTemplate\":\"https:\/\/cheersyachting.com\/tr\/?s={search_term_string}\"},\"query-input\":{\"@type\":\"PropertyValueSpecification\",\"valueRequired\":true,\"valueName\":\"search_term_string\"}}],\"inLanguage\":\"tr\"}]}<\/script>\n<!-- \/ Yoast SEO plugin. -->","yoast_head_json":{"title":"4 G\u00fcn \/ 3 Gece Mavi Yolculuk - Cheers Yachting","robots":{"index":"index","follow":"follow","max-snippet":"max-snippet:-1","max-image-preview":"max-image-preview:large","max-video-preview":"max-video-preview:-1"},"canonical":"https:\/\/cheersyachting.com\/tr\/4-gun-3-gece-mavi-yolculuk\/","og_locale":"tr_TR","og_type":"article","og_title":"4 G\u00fcn \/ 3 Gece Mavi Yolculuk - Cheers Yachting","og_url":"https:\/\/cheersyachting.com\/tr\/4-gun-3-gece-mavi-yolculuk\/","og_site_name":"Cheers Yachting","article_publisher":"https:\/\/www.facebook.com\/cheersyachting\/","article_modified_time":"2021-12-29T15:54:11+00:00","og_image":[{"width":839,"height":353,"url":"https:\/\/cheersyachting.com\/wp-content\/uploads\/Cheers-Yachting-Logo.jpg","type":"image\/jpeg"}],"twitter_card":"summary_large_image","twitter_misc":{"Tahmini okuma s\u00fcresi":"5 dakika"},"schema":{"@context":"https:\/\/schema.org","@graph":[{"@type":"WebPage","@id":"https:\/\/cheersyachting.com\/tr\/4-gun-3-gece-mavi-yolculuk\/","url":"https:\/\/cheersyachting.com\/tr\/4-gun-3-gece-mavi-yolculuk\/","name":"4 G\u00fcn \/ 3 Gece Mavi Yolculuk - Cheers Yachting","isPartOf":{"@id":"https:\/\/cheersyachting.com\/tr\/#website"},"datePublished":"2021-12-29T15:50:16+00:00","dateModified":"2021-12-29T15:54:11+00:00","breadcrumb":{"@id":"https:\/\/cheersyachting.com\/tr\/4-gun-3-gece-mavi-yolculuk\/#breadcrumb"},"inLanguage":"tr","potentialAction":[{"@type":"ReadAction","target":["https:\/\/cheersyachting.com\/tr\/4-gun-3-gece-mavi-yolculuk\/"]}]},{"@type":"BreadcrumbList","@id":"https:\/\/cheersyachting.com\/tr\/4-gun-3-gece-mavi-yolculuk\/#breadcrumb","itemListElement":[{"@type":"ListItem","position":1,"name":"Ana sayfa","item":"https:\/\/cheersyachting.com\/tr\/"},{"@type":"ListItem","position":2,"name":"4 G\u00fcn \/ 3 Gece Mavi Yolculuk"}]},{"@type":"WebSite","@id":"https:\/\/cheersyachting.com\/tr\/#website","url":"https:\/\/cheersyachting.com\/tr\/","name":"Cheers Yachting","description":"Cheers Yacht Charter","potentialAction":[{"@type":"SearchAction","target":{"@type":"EntryPoint","urlTemplate":"https:\/\/cheersyachting.com\/tr\/?s={search_term_string}"},"query-input":{"@type":"PropertyValueSpecification","valueRequired":true,"valueName":"search_term_string"}}],"inLanguage":"tr"}]}},"_links":{"self":[{"href":"https:\/\/cheersyachting.com\/tr\/wp-json\/wp\/v2\/pages\/3826","targetHints":{"allow":["GET"]}}],"collection":[{"href":"https:\/\/cheersyachting.com\/tr\/wp-json\/wp\/v2\/pages"}],"about":[{"href":"https:\/\/cheersyachting.com\/tr\/wp-json\/wp\/v2\/types\/page"}],"author":[{"embeddable":true,"href":"https:\/\/cheersyachting.com\/tr\/wp-json\/wp\/v2\/users\/1"}],"replies":[{"embeddable":true,"href":"https:\/\/cheersyachting.com\/tr\/wp-json\/wp\/v2\/comments?post=3826"}],"version-history":[{"count":5,"href":"https:\/\/cheersyachting.com\/tr\/wp-json\/wp\/v2\/pages\/3826\/revisions"}],"predecessor-version":[{"id":3835,"href":"https:\/\/cheersyachting.com\/tr\/wp-json\/wp\/v2\/pages\/3826\/revisions\/3835"}],"wp:attachment":[{"href":"https:\/\/cheersyachting.com\/tr\/wp-json\/wp\/v2\/media?parent=3826"}],"curies":[{"name":"wp","href":"https:\/\/api.w.org\/{rel}","templated":true}]}}