{"id":272,"date":"2018-12-22T11:24:31","date_gmt":"2018-12-22T11:24:31","guid":{"rendered":"http:\/\/cheersyachting.com\/hakkimizda\/"},"modified":"2020-03-10T16:14:36","modified_gmt":"2020-03-10T13:14:36","slug":"hakkimizda","status":"publish","type":"page","link":"https:\/\/cheersyachting.com\/tr\/hakkimizda\/","title":{"rendered":"Hakk\u0131m\u0131zda"},"content":{"rendered":"\n<style type=\"text\/css\" data-created_by=\"avia_inline_auto\" id=\"style-css-av-k3j0pp9p-68fce2a93b2e2520fb32450bf609c4aa\">\n.av-horizontal-gallery.av-k3j0pp9p-68fce2a93b2e2520fb32450bf609c4aa .av-horizontal-gallery-inner{\npadding-bottom:25%;\n}\n<\/style>\n<div  class='av-horizontal-gallery av-k3j0pp9p-68fce2a93b2e2520fb32450bf609c4aa av-horizontal-gallery-1px-gap av-horizontal-gallery--effect  avia-builder-el-0  el_before_av_heading  avia-builder-el-first  av-slideshow-ui av-control-default av-slideshow-manual av-loop-once av-loop-manual-endless av-horizontal-gallery-1' data-slideshow-data=\"{&quot;animation&quot;:&quot;slide&quot;,&quot;autoplay&quot;:false,&quot;loop_autoplay&quot;:&quot;once&quot;,&quot;interval&quot;:5,&quot;loop_manual&quot;:&quot;manual-endless&quot;,&quot;autoplay_stopper&quot;:false,&quot;noNavigation&quot;:false,&quot;bg_slider&quot;:false,&quot;keep_padding&quot;:&quot;&quot;,&quot;hoverpause&quot;:false,&quot;show_slide_delay&quot;:0}\"  itemprop=\"image\" itemscope=\"itemscope\" itemtype=\"https:\/\/schema.org\/ImageObject\" ><div class='avia-slideshow-arrows avia-slideshow-controls' ><a href='#prev' class='prev-slide av-horizontal-gallery-prev' aria-hidden='true' data-av_icon='\ue87c' data-av_iconfont='entypo-fontello'  tabindex='-1'>\u00d6nceki<\/a><a href='#next' class='next-slide av-horizontal-gallery-next' aria-hidden='true' data-av_icon='\ue87d' data-av_iconfont='entypo-fontello'  tabindex='-1'>Sonraki<\/a><\/div><div class='avia-slideshow-dots avia-slideshow-controls av-horizontal-gallery-dots fade-in'><a href='#1' class='goto-slide active' >1<\/a><a href='#2' class='goto-slide ' >2<\/a><a href='#3' class='goto-slide ' >3<\/a><a href='#4' class='goto-slide ' >4<\/a><a href='#5' class='goto-slide ' >5<\/a><\/div><div class='av-horizontal-gallery-inner' data-av-height='25'><div class=\"av-horizontal-gallery-slider\"><div class=\"av-horizontal-gallery-wrap noHover\"><img decoding=\"async\" loading=\"lazy\" class='wp-image-3304 avia-img-lazy-loading-3304 av-horizontal-gallery-img' width=\"1030\" height=\"579\" src=\"https:\/\/cheersyachting.com\/wp-content\/uploads\/DJI_0893-1030x579.jpg\" title='created by dji camera' alt='Gulet Cheers' srcset=\"https:\/\/cheersyachting.com\/wp-content\/uploads\/DJI_0893-1030x579.jpg 1030w, https:\/\/cheersyachting.com\/wp-content\/uploads\/DJI_0893-340x191.jpg 340w, https:\/\/cheersyachting.com\/wp-content\/uploads\/DJI_0893-768x432.jpg 768w, https:\/\/cheersyachting.com\/wp-content\/uploads\/DJI_0893-1536x863.jpg 1536w, https:\/\/cheersyachting.com\/wp-content\/uploads\/DJI_0893-2048x1151.jpg 2048w, https:\/\/cheersyachting.com\/wp-content\/uploads\/DJI_0893-1500x843.jpg 1500w, https:\/\/cheersyachting.com\/wp-content\/uploads\/DJI_0893-705x396.jpg 705w\" sizes=\"auto, (max-width: 1030px) 100vw, 1030px\" \/><\/div><div class=\"av-horizontal-gallery-wrap noHover\"><img decoding=\"async\" loading=\"lazy\" class='wp-image-876 avia-img-lazy-loading-876 av-horizontal-gallery-img' width=\"1030\" height=\"773\" src=\"https:\/\/cheersyachting.com\/wp-content\/uploads\/IMG_1209-1030x773.jpg\" title='IMG_1209' alt='G\u00f6cek' srcset=\"https:\/\/cheersyachting.com\/wp-content\/uploads\/IMG_1209-1030x773.jpg 1030w, https:\/\/cheersyachting.com\/wp-content\/uploads\/IMG_1209-340x255.jpg 340w, https:\/\/cheersyachting.com\/wp-content\/uploads\/IMG_1209-768x576.jpg 768w, https:\/\/cheersyachting.com\/wp-content\/uploads\/IMG_1209-1500x1125.jpg 1500w, https:\/\/cheersyachting.com\/wp-content\/uploads\/IMG_1209-705x529.jpg 705w, https:\/\/cheersyachting.com\/wp-content\/uploads\/IMG_1209-450x338.jpg 450w, https:\/\/cheersyachting.com\/wp-content\/uploads\/IMG_1209.jpg 1600w\" sizes=\"auto, (max-width: 1030px) 100vw, 1030px\" \/><\/div><div class=\"av-horizontal-gallery-wrap noHover\"><img decoding=\"async\" loading=\"lazy\" class='wp-image-840 avia-img-lazy-loading-840 av-horizontal-gallery-img' width=\"1030\" height=\"686\" src=\"https:\/\/cheersyachting.com\/wp-content\/uploads\/CHN_8474-1-1030x686.jpg\" title='CHN_8474' alt='Cheers Yachting,Breakfast' srcset=\"https:\/\/cheersyachting.com\/wp-content\/uploads\/CHN_8474-1-1030x686.jpg 1030w, https:\/\/cheersyachting.com\/wp-content\/uploads\/CHN_8474-1-340x226.jpg 340w, https:\/\/cheersyachting.com\/wp-content\/uploads\/CHN_8474-1-768x511.jpg 768w, https:\/\/cheersyachting.com\/wp-content\/uploads\/CHN_8474-1-1500x998.jpg 1500w, https:\/\/cheersyachting.com\/wp-content\/uploads\/CHN_8474-1-705x469.jpg 705w, https:\/\/cheersyachting.com\/wp-content\/uploads\/CHN_8474-1-450x300.jpg 450w\" sizes=\"auto, (max-width: 1030px) 100vw, 1030px\" \/><\/div><div class=\"av-horizontal-gallery-wrap noHover\"><img decoding=\"async\" loading=\"lazy\" class='wp-image-914 avia-img-lazy-loading-914 av-horizontal-gallery-img' width=\"1030\" height=\"687\" src=\"https:\/\/cheersyachting.com\/wp-content\/uploads\/IMG_2707-1-1030x687.jpg\" title='IMG_2707' alt='Cheers Gulet' srcset=\"https:\/\/cheersyachting.com\/wp-content\/uploads\/IMG_2707-1-1030x687.jpg 1030w, https:\/\/cheersyachting.com\/wp-content\/uploads\/IMG_2707-1-340x227.jpg 340w, https:\/\/cheersyachting.com\/wp-content\/uploads\/IMG_2707-1-768x513.jpg 768w, https:\/\/cheersyachting.com\/wp-content\/uploads\/IMG_2707-1-1500x1001.jpg 1500w, https:\/\/cheersyachting.com\/wp-content\/uploads\/IMG_2707-1-705x471.jpg 705w, https:\/\/cheersyachting.com\/wp-content\/uploads\/IMG_2707-1-450x300.jpg 450w\" sizes=\"auto, (max-width: 1030px) 100vw, 1030px\" \/><\/div><div class=\"av-horizontal-gallery-wrap noHover\"><img decoding=\"async\" loading=\"lazy\" class='wp-image-398 avia-img-lazy-loading-398 av-horizontal-gallery-img' width=\"1030\" height=\"686\" src=\"https:\/\/cheersyachting.com\/wp-content\/uploads\/CHN_9819-1030x686.jpg\" title='CHN_9819' alt='Bluecruise.Cheersyachting' srcset=\"https:\/\/cheersyachting.com\/wp-content\/uploads\/CHN_9819-1030x686.jpg 1030w, https:\/\/cheersyachting.com\/wp-content\/uploads\/CHN_9819-340x226.jpg 340w, https:\/\/cheersyachting.com\/wp-content\/uploads\/CHN_9819-768x511.jpg 768w, https:\/\/cheersyachting.com\/wp-content\/uploads\/CHN_9819-1500x998.jpg 1500w, https:\/\/cheersyachting.com\/wp-content\/uploads\/CHN_9819-705x469.jpg 705w, https:\/\/cheersyachting.com\/wp-content\/uploads\/CHN_9819-450x300.jpg 450w\" sizes=\"auto, (max-width: 1030px) 100vw, 1030px\" \/><\/div><\/div><\/div><\/div>\n\n<style type=\"text\/css\" data-created_by=\"avia_inline_auto\" id=\"style-css-av-9ohm3-9930f8060cbac346a4872c906d4f958a\">\n#top .av-special-heading.av-9ohm3-9930f8060cbac346a4872c906d4f958a{\npadding-bottom:10px;\ncolor:#000000;\n}\nbody .av-special-heading.av-9ohm3-9930f8060cbac346a4872c906d4f958a .av-special-heading-tag .heading-char{\nfont-size:25px;\n}\n.av-special-heading.av-9ohm3-9930f8060cbac346a4872c906d4f958a .special-heading-inner-border{\nborder-color:#000000;\n}\n.av-special-heading.av-9ohm3-9930f8060cbac346a4872c906d4f958a .av-subheading{\nfont-size:15px;\n}\n<\/style>\n<div  class='av-special-heading av-9ohm3-9930f8060cbac346a4872c906d4f958a av-special-heading-h1 custom-color-heading blockquote modern-quote  avia-builder-el-1  el_after_av_horizontal_gallery  el_before_av_one_half  avia-builder-el-first '><h1 class='av-special-heading-tag '  itemprop=\"headline\"  >Cheers Yat\u00e7\u0131l\u0131k Hakk\u0131nda<\/h1><div class=\"special-heading-border\"><div class=\"special-heading-inner-border\"><\/div><\/div><\/div>\n\n<style type=\"text\/css\" data-created_by=\"avia_inline_auto\" id=\"style-css-av-h74o3-9e06d00ca2fa8d354138aca817c700c5\">\n.flex_column.av-h74o3-9e06d00ca2fa8d354138aca817c700c5{\nborder-radius:0px 0px 0px 0px;\npadding:0px 0px 0px 0px;\n}\n<\/style>\n<div  class='flex_column av-h74o3-9e06d00ca2fa8d354138aca817c700c5 av_one_half  avia-builder-el-2  el_after_av_heading  el_before_av_one_half  first flex_column_div av-zero-column-padding  '     ><section  class='av_textblock_section av-jpvicdoo-6dc285f01b51a0d8966a15f4418c0eac '   itemscope=\"itemscope\" itemtype=\"https:\/\/schema.org\/CreativeWork\" ><div class='avia_textblock'  itemprop=\"text\" ><p>CHEERS Yat\u00e7\u0131l\u0131k olarak Akdeniz\u00b4in ve Ege\u00b4nin en g\u00fczel koylar\u0131n\u0131 sizlerle birlikte ke\u015ffediyoruz. Aile ya da arkada\u015f grubu iseniz \u00f6zel tekne kiralama ile mavi yolculuk tatilinin rotalar\u0131n\u0131 birlikte \u00e7iziyoruz. Gulet Cheers ile tur boyunca size ait olarak diledi\u011finiz zaman denize girip, diledi\u011finiz zaman tarihi ve do\u011fal koylar\u0131m\u0131zda gezebilir; diledi\u011finiz zaman yemek yiyebilirsiniz. Hava \u015fartlar\u0131na g\u00f6re yelken keyfi yapabilirsiniz.<\/p>\n<p>Teknemizin g\u00fcler y\u00fczl\u00fc ve profesyonel personeli ile kaptan\u0131m\u0131z, gemicimiz, a\u015f\u00e7\u0131 ve hostesimiz ile hizmet vermekteyiz.<\/p>\n<p>Mavi yolculuk deneyiminizi rahat ve geni\u015f kabinlere sahip olan M\/S CHEERS guletimiz ile konforlu ve l\u00fcks ya\u015famak isteyen m\u00fc\u015fterilerimiz taraf\u0131ndan do\u011fru tercih olaca\u011f\u0131na emin olabilirsiniz.<\/p>\n<p>B\u00f6yle bir ba\u015far\u0131y\u0131 sizden ald\u0131\u011f\u0131m\u0131z g\u00fcvene ve s\u0131n\u0131rs\u0131z deste\u011fe borcluyuz. Bizi tercih etti\u011finiz, Ailenize ve arkada\u015flar\u0131n\u0131za tavsiye etti\u011finiz i\u00e7in t\u00fcm KONUKLARIMIZA te\u015fekk\u00fcr etmeyi bir bor\u00e7 biliriz.<\/p>\n<\/div><\/section><\/div>\n\n<style type=\"text\/css\" data-created_by=\"avia_inline_auto\" id=\"style-css-av-9xaqr-35a99e9d9fd1570db9c9160d3e181eaa\">\n.flex_column.av-9xaqr-35a99e9d9fd1570db9c9160d3e181eaa{\nborder-radius:0px 0px 0px 0px;\npadding:0px 0px 0px 0px;\n}\n<\/style>\n<div  class='flex_column av-9xaqr-35a99e9d9fd1570db9c9160d3e181eaa av_one_half  avia-builder-el-4  el_after_av_one_half  avia-builder-el-last  flex_column_div av-zero-column-padding  '     ><\/div>\n","protected":false},"excerpt":{"rendered":"","protected":false},"author":1,"featured_media":0,"parent":0,"menu_order":0,"comment_status":"closed","ping_status":"closed","template":"","meta":{"footnotes":""},"class_list":["post-272","page","type-page","status-publish","hentry"],"yoast_head":"<!-- This site is optimized with the Yoast SEO plugin v26.7 - https:\/\/yoast.com\/wordpress\/plugins\/seo\/ -->\n<title>Hakk\u0131m\u0131zda - Cheers Yachting<\/title>\n<meta name=\"robots\" content=\"index, follow, max-snippet:-1, max-image-preview:large, max-video-preview:-1\" \/>\n<link rel=\"canonical\" href=\"https:\/\/cheersyachting.com\/tr\/hakkimizda\/\" \/>\n<meta property=\"og:locale\" content=\"tr_TR\" \/>\n<meta property=\"og:type\" content=\"article\" \/>\n<meta property=\"og:title\" content=\"Hakk\u0131m\u0131zda - Cheers Yachting\" \/>\n<meta property=\"og:url\" content=\"https:\/\/cheersyachting.com\/tr\/hakkimizda\/\" \/>\n<meta property=\"og:site_name\" content=\"Cheers Yachting\" \/>\n<meta property=\"article:publisher\" content=\"https:\/\/www.facebook.com\/cheersyachting\/\" \/>\n<meta property=\"article:modified_time\" content=\"2020-03-10T13:14:36+00:00\" \/>\n<meta property=\"og:image\" content=\"https:\/\/www.tripadvisor.com.tr\/img\/cdsi\/img2\/branding\/150_logo-11900-2.png\" \/>\n<meta name=\"twitter:card\" content=\"summary_large_image\" \/>\n<meta name=\"twitter:label1\" content=\"Tahmini okuma s\u00fcresi\" \/>\n\t<meta name=\"twitter:data1\" content=\"3 dakika\" \/>\n<script type=\"application\/ld+json\" class=\"yoast-schema-graph\">{\"@context\":\"https:\/\/schema.org\",\"@graph\":[{\"@type\":\"WebPage\",\"@id\":\"https:\/\/cheersyachting.com\/tr\/hakkimizda\/\",\"url\":\"https:\/\/cheersyachting.com\/tr\/hakkimizda\/\",\"name\":\"Hakk\u0131m\u0131zda - Cheers Yachting\",\"isPartOf\":{\"@id\":\"https:\/\/cheersyachting.com\/tr\/#website\"},\"primaryImageOfPage\":{\"@id\":\"https:\/\/cheersyachting.com\/tr\/hakkimizda\/#primaryimage\"},\"image\":{\"@id\":\"https:\/\/cheersyachting.com\/tr\/hakkimizda\/#primaryimage\"},\"thumbnailUrl\":\"https:\/\/www.tripadvisor.com.tr\/img\/cdsi\/img2\/branding\/150_logo-11900-2.png\",\"datePublished\":\"2018-12-22T11:24:31+00:00\",\"dateModified\":\"2020-03-10T13:14:36+00:00\",\"breadcrumb\":{\"@id\":\"https:\/\/cheersyachting.com\/tr\/hakkimizda\/#breadcrumb\"},\"inLanguage\":\"tr\",\"potentialAction\":[{\"@type\":\"ReadAction\",\"target\":[\"https:\/\/cheersyachting.com\/tr\/hakkimizda\/\"]}]},{\"@type\":\"ImageObject\",\"inLanguage\":\"tr\",\"@id\":\"https:\/\/cheersyachting.com\/tr\/hakkimizda\/#primaryimage\",\"url\":\"https:\/\/www.tripadvisor.com.tr\/img\/cdsi\/img2\/branding\/150_logo-11900-2.png\",\"contentUrl\":\"https:\/\/www.tripadvisor.com.tr\/img\/cdsi\/img2\/branding\/150_logo-11900-2.png\"},{\"@type\":\"BreadcrumbList\",\"@id\":\"https:\/\/cheersyachting.com\/tr\/hakkimizda\/#breadcrumb\",\"itemListElement\":[{\"@type\":\"ListItem\",\"position\":1,\"name\":\"Ana sayfa\",\"item\":\"https:\/\/cheersyachting.com\/tr\/\"},{\"@type\":\"ListItem\",\"position\":2,\"name\":\"Hakk\u0131m\u0131zda\"}]},{\"@type\":\"WebSite\",\"@id\":\"https:\/\/cheersyachting.com\/tr\/#website\",\"url\":\"https:\/\/cheersyachting.com\/tr\/\",\"name\":\"Cheers Yachting\",\"description\":\"Cheers Yacht Charter\",\"potentialAction\":[{\"@type\":\"SearchAction\",\"target\":{\"@type\":\"EntryPoint\",\"urlTemplate\":\"https:\/\/cheersyachting.com\/tr\/?s={search_term_string}\"},\"query-input\":{\"@type\":\"PropertyValueSpecification\",\"valueRequired\":true,\"valueName\":\"search_term_string\"}}],\"inLanguage\":\"tr\"}]}<\/script>\n<!-- \/ Yoast SEO plugin. -->","yoast_head_json":{"title":"Hakk\u0131m\u0131zda - Cheers Yachting","robots":{"index":"index","follow":"follow","max-snippet":"max-snippet:-1","max-image-preview":"max-image-preview:large","max-video-preview":"max-video-preview:-1"},"canonical":"https:\/\/cheersyachting.com\/tr\/hakkimizda\/","og_locale":"tr_TR","og_type":"article","og_title":"Hakk\u0131m\u0131zda - Cheers Yachting","og_url":"https:\/\/cheersyachting.com\/tr\/hakkimizda\/","og_site_name":"Cheers Yachting","article_publisher":"https:\/\/www.facebook.com\/cheersyachting\/","article_modified_time":"2020-03-10T13:14:36+00:00","og_image":[{"url":"https:\/\/www.tripadvisor.com.tr\/img\/cdsi\/img2\/branding\/150_logo-11900-2.png","type":"","width":"","height":""}],"twitter_card":"summary_large_image","twitter_misc":{"Tahmini okuma s\u00fcresi":"3 dakika"},"schema":{"@context":"https:\/\/schema.org","@graph":[{"@type":"WebPage","@id":"https:\/\/cheersyachting.com\/tr\/hakkimizda\/","url":"https:\/\/cheersyachting.com\/tr\/hakkimizda\/","name":"Hakk\u0131m\u0131zda - Cheers Yachting","isPartOf":{"@id":"https:\/\/cheersyachting.com\/tr\/#website"},"primaryImageOfPage":{"@id":"https:\/\/cheersyachting.com\/tr\/hakkimizda\/#primaryimage"},"image":{"@id":"https:\/\/cheersyachting.com\/tr\/hakkimizda\/#primaryimage"},"thumbnailUrl":"https:\/\/www.tripadvisor.com.tr\/img\/cdsi\/img2\/branding\/150_logo-11900-2.png","datePublished":"2018-12-22T11:24:31+00:00","dateModified":"2020-03-10T13:14:36+00:00","breadcrumb":{"@id":"https:\/\/cheersyachting.com\/tr\/hakkimizda\/#breadcrumb"},"inLanguage":"tr","potentialAction":[{"@type":"ReadAction","target":["https:\/\/cheersyachting.com\/tr\/hakkimizda\/"]}]},{"@type":"ImageObject","inLanguage":"tr","@id":"https:\/\/cheersyachting.com\/tr\/hakkimizda\/#primaryimage","url":"https:\/\/www.tripadvisor.com.tr\/img\/cdsi\/img2\/branding\/150_logo-11900-2.png","contentUrl":"https:\/\/www.tripadvisor.com.tr\/img\/cdsi\/img2\/branding\/150_logo-11900-2.png"},{"@type":"BreadcrumbList","@id":"https:\/\/cheersyachting.com\/tr\/hakkimizda\/#breadcrumb","itemListElement":[{"@type":"ListItem","position":1,"name":"Ana sayfa","item":"https:\/\/cheersyachting.com\/tr\/"},{"@type":"ListItem","position":2,"name":"Hakk\u0131m\u0131zda"}]},{"@type":"WebSite","@id":"https:\/\/cheersyachting.com\/tr\/#website","url":"https:\/\/cheersyachting.com\/tr\/","name":"Cheers Yachting","description":"Cheers Yacht Charter","potentialAction":[{"@type":"SearchAction","target":{"@type":"EntryPoint","urlTemplate":"https:\/\/cheersyachting.com\/tr\/?s={search_term_string}"},"query-input":{"@type":"PropertyValueSpecification","valueRequired":true,"valueName":"search_term_string"}}],"inLanguage":"tr"}]}},"_links":{"self":[{"href":"https:\/\/cheersyachting.com\/tr\/wp-json\/wp\/v2\/pages\/272","targetHints":{"allow":["GET"]}}],"collection":[{"href":"https:\/\/cheersyachting.com\/tr\/wp-json\/wp\/v2\/pages"}],"about":[{"href":"https:\/\/cheersyachting.com\/tr\/wp-json\/wp\/v2\/types\/page"}],"author":[{"embeddable":true,"href":"https:\/\/cheersyachting.com\/tr\/wp-json\/wp\/v2\/users\/1"}],"replies":[{"embeddable":true,"href":"https:\/\/cheersyachting.com\/tr\/wp-json\/wp\/v2\/comments?post=272"}],"version-history":[{"count":17,"href":"https:\/\/cheersyachting.com\/tr\/wp-json\/wp\/v2\/pages\/272\/revisions"}],"predecessor-version":[{"id":3387,"href":"https:\/\/cheersyachting.com\/tr\/wp-json\/wp\/v2\/pages\/272\/revisions\/3387"}],"wp:attachment":[{"href":"https:\/\/cheersyachting.com\/tr\/wp-json\/wp\/v2\/media?parent=272"}],"curies":[{"name":"wp","href":"https:\/\/api.w.org\/{rel}","templated":true}]}}