{"id":1755,"date":"2019-01-03T11:10:11","date_gmt":"2019-01-03T11:10:11","guid":{"rendered":"http:\/\/cheersyachting.com\/iletisim\/"},"modified":"2020-11-28T21:14:35","modified_gmt":"2020-11-28T18:14:35","slug":"iletisim","status":"publish","type":"page","link":"https:\/\/cheersyachting.com\/tr\/iletisim\/","title":{"rendered":"\u0130leti\u015fim"},"content":{"rendered":"<div  class='av_gmaps_sc_main_wrap av_gmaps_main_wrap '><div id='av_gmap_0' class='avia-google-map-container avia-google-map-sc av_gmaps_show_unconditionally av-no-fallback-img ' data-mapid='av_gmap_0'  style='height: 400px;'><a class=\"av_gmaps_browser_disabled av_text_confirm_link av_text_confirm_link_visible\" href=\"https:\/\/www.google.com\/maps\/search\/?api=1&#038;query=Fethiye%20Yat%20Liman\u0131%2048300%20Fethiye%20Mugla%20Turkey\" target=\"_blank\">Maps were disabled by the visitor on this site. Click to open the map in a new window.<\/a><\/div><\/div>\n\n<style type=\"text\/css\" data-created_by=\"avia_inline_auto\" id=\"style-css-av-149bcr-e44153aaf23d7a6a50a823662847d22d\">\n.flex_column.av-149bcr-e44153aaf23d7a6a50a823662847d22d{\nborder-radius:0px 0px 0px 0px;\npadding:0px 0px 0px 0px;\n}\n<\/style>\n<div  class='flex_column av-149bcr-e44153aaf23d7a6a50a823662847d22d av_one_half  avia-builder-el-1  el_after_av_google_map  el_before_av_one_half  avia-builder-el-first  first flex_column_div av-zero-column-padding  '     ><form action=\"https:\/\/cheersyachting.com\/tr\/iletisim\/\" method=\"post\" data-fields-with-error=\"Found errors in the following field(s):\" class=\"avia_ajax_form av-form-labels-visible   avia-builder-el-2  avia-builder-el-no-sibling   \" data-avia-form-id=\"1\" data-avia-redirect='' ><fieldset><p class='  first_form  form_element form_fullwidth' id='element_avia_1_1'><label for=\"avia_1_1\">Ad soyad <abbr class=\"required\" title=\"Zorunlu\">*<\/abbr><\/label> <input name=\"avia_1_1\" class=\"text_input is_empty\" type=\"text\" id=\"avia_1_1\" value=\"\" \/><\/p><p class='  first_form  form_element form_fullwidth' id='element_avia_2_1'><label for=\"avia_2_1\">E-Posta <abbr class=\"required\" title=\"Zorunlu\">*<\/abbr><\/label> <input name=\"avia_2_1\" class=\"text_input is_email\" type=\"text\" id=\"avia_2_1\" value=\"\" \/><\/p><p class='  first_form  form_element form_fullwidth' id='element_avia_3_1'><label for=\"avia_3_1\">Telefon <abbr class=\"required\" title=\"Zorunlu\">*<\/abbr><\/label> <input name=\"avia_3_1\" class=\"text_input is_empty\" type=\"text\" id=\"avia_3_1\" value=\"\" \/><\/p><p class='  first_form  form_element form_fullwidth' id='element_avia_4_1'><label for=\"avia_4_1\">Konu <abbr class=\"required\" title=\"Zorunlu\">*<\/abbr><\/label> <input name=\"avia_4_1\" class=\"text_input is_empty\" type=\"text\" id=\"avia_4_1\" value=\"\" \/><\/p><p class='  first_form  form_element form_fullwidth' id='element_avia_5_1'><label for=\"avia_5_1\" class=\"textare_label hidden textare_label_avia_5_1\">Mesaj <abbr class=\"required\" title=\"Zorunlu\">*<\/abbr><\/label><textarea  name=\"avia_5_1\" class=\"text_area is_empty\" cols=\"40\" rows=\"7\" id=\"avia_5_1\" ><\/textarea><\/p><p class=\"hidden\"><input type=\"text\" name=\"avia_6_1\" class=\"hidden \" id=\"avia_6_1\" value=\"\" \/><\/p><p class='   form_element form_fullwidth' id='element_avia_7_1'><span class='value_verifier_label'>2 + 2 = ?<\/span><input name=\"avia_7_1_verifier\" type=\"hidden\" id=\"avia_7_1_verifier\" value=\"674387412\"\/><label for=\"avia_7_1\">L\u00fctfen denklemi \u00e7\u00f6zerek insan oldu\u011funuzu kan\u0131tlay\u0131n\u0131z <abbr class=\"required\" title=\"Zorunlu\">*<\/abbr><\/label><input name=\"avia_7_1\" class=\"text_input captcha\" type=\"text\" id=\"avia_7_1\" value=\"\"\/><\/p><p class=\"form_element \"><input type=\"hidden\" value=\"1\" name=\"avia_generated_form1\" \/><input type=\"submit\" value=\"G\u00f6nder\" class=\"button\"  data-sending-label=\"G\u00f6nderiliyor\"\/><\/p><\/fieldset><\/form><div id=\"ajaxresponse_1\" class=\"ajaxresponse ajaxresponse_1 hidden\"><\/div><\/div>\n<style type=\"text\/css\" data-created_by=\"avia_inline_auto\" id=\"style-css-av-6wcsb-67a9a9cae2f33d7fa81d270b1929b16c\">\n.flex_column.av-6wcsb-67a9a9cae2f33d7fa81d270b1929b16c{\nborder-radius:0px 0px 0px 0px;\npadding:0px 0px 0px 0px;\n}\n<\/style>\n<div  class='flex_column av-6wcsb-67a9a9cae2f33d7fa81d270b1929b16c av_one_half  avia-builder-el-3  el_after_av_one_half  avia-builder-el-last  flex_column_div av-zero-column-padding  '     ><p><article  class='iconbox iconbox_top av-jpzcpjd6-f3004d28fdd83ece51b6ff60bcbfff6d av-icon-style-no-border  avia-builder-el-4  el_before_av_icon_box  avia-builder-el-first  main_color'  itemscope=\"itemscope\" itemtype=\"https:\/\/schema.org\/CreativeWork\" ><div class=\"iconbox_content\"><header class=\"entry-content-header\" aria-label=\"Icon: Email\"><div class=\"iconbox_icon heading-color\" aria-hidden='true' data-av_icon='\ue805' data-av_iconfont='entypo-fontello'><\/div><h3 class='iconbox_content_title '  itemprop=\"headline\" >Email<\/h3><\/header><div class='iconbox_content_container '  itemprop=\"text\" ><p>info@cheersyachting.com<\/p>\n<\/div><\/div><footer class=\"entry-footer\"><\/footer><\/article><br \/>\n<article  class='iconbox iconbox_top av-jpzcpjd6-e4ea9acdb347235ee3195de8020f94a7 av-icon-style-no-border  avia-builder-el-5  el_after_av_icon_box  el_before_av_icon_box  main_color'  itemscope=\"itemscope\" itemtype=\"https:\/\/schema.org\/CreativeWork\" ><div class=\"iconbox_content\"><header class=\"entry-content-header\" aria-label=\"Icon: Telefon\"><div class=\"iconbox_icon heading-color\" aria-hidden='true' data-av_icon='\ue854' data-av_iconfont='entypo-fontello'><\/div><h3 class='iconbox_content_title '  itemprop=\"headline\" >Telefon<\/h3><\/header><div class='iconbox_content_container '  itemprop=\"text\" ><p>+90 534 812 32 04<\/p>\n<\/div><\/div><footer class=\"entry-footer\"><\/footer><\/article><br \/>\n<article  class='iconbox iconbox_top av-jpzcpjd6-a2310a1e608fd81322a65ea96295de8e av-icon-style-no-border  avia-builder-el-6  el_after_av_icon_box  avia-builder-el-last  main_color'  itemscope=\"itemscope\" itemtype=\"https:\/\/schema.org\/CreativeWork\" ><div class=\"iconbox_content\"><header class=\"entry-content-header\" aria-label=\"Icon: Adres\"><div class=\"iconbox_icon heading-color\" aria-hidden='true' data-av_icon='\ue821' data-av_iconfont='entypo-fontello'><\/div><h3 class='iconbox_content_title '  itemprop=\"headline\" >Adres<\/h3><\/header><div class='iconbox_content_container '  itemprop=\"text\" ><p>Fethiye Yat Liman\u0131<br \/>\nKarag\u00f6zler Mahallesi<br \/>\n48300<br \/>\nFethiye, Mu\u011fla<\/p>\n<\/div><\/div><footer class=\"entry-footer\"><\/footer><\/article><\/p><\/div><\/p>\n","protected":false},"excerpt":{"rendered":"","protected":false},"author":1,"featured_media":0,"parent":0,"menu_order":0,"comment_status":"closed","ping_status":"closed","template":"","meta":{"footnotes":""},"class_list":["post-1755","page","type-page","status-publish","hentry"],"yoast_head":"<!-- This site is optimized with the Yoast SEO plugin v26.7 - https:\/\/yoast.com\/wordpress\/plugins\/seo\/ -->\n<title>\u0130leti\u015fim - Cheers Yachting<\/title>\n<meta name=\"robots\" content=\"index, follow, max-snippet:-1, max-image-preview:large, max-video-preview:-1\" \/>\n<link rel=\"canonical\" href=\"https:\/\/cheersyachting.com\/tr\/iletisim\/\" \/>\n<meta property=\"og:locale\" content=\"tr_TR\" \/>\n<meta property=\"og:type\" content=\"article\" \/>\n<meta property=\"og:title\" content=\"\u0130leti\u015fim - Cheers Yachting\" \/>\n<meta property=\"og:url\" content=\"https:\/\/cheersyachting.com\/tr\/iletisim\/\" \/>\n<meta property=\"og:site_name\" content=\"Cheers Yachting\" \/>\n<meta property=\"article:publisher\" content=\"https:\/\/www.facebook.com\/cheersyachting\/\" \/>\n<meta property=\"article:modified_time\" content=\"2020-11-28T18:14:35+00:00\" \/>\n<meta property=\"og:image\" content=\"https:\/\/cheersyachting.com\/wp-content\/uploads\/Cheers-Yachting-Logo.jpg\" \/>\n\t<meta property=\"og:image:width\" content=\"839\" \/>\n\t<meta property=\"og:image:height\" content=\"353\" \/>\n\t<meta property=\"og:image:type\" content=\"image\/jpeg\" \/>\n<meta name=\"twitter:card\" content=\"summary_large_image\" \/>\n<meta name=\"twitter:label1\" content=\"Tahmini okuma s\u00fcresi\" \/>\n\t<meta name=\"twitter:data1\" content=\"4 dakika\" \/>\n<script type=\"application\/ld+json\" class=\"yoast-schema-graph\">{\"@context\":\"https:\/\/schema.org\",\"@graph\":[{\"@type\":\"WebPage\",\"@id\":\"https:\/\/cheersyachting.com\/tr\/iletisim\/\",\"url\":\"https:\/\/cheersyachting.com\/tr\/iletisim\/\",\"name\":\"\u0130leti\u015fim - Cheers Yachting\",\"isPartOf\":{\"@id\":\"https:\/\/cheersyachting.com\/tr\/#website\"},\"datePublished\":\"2019-01-03T11:10:11+00:00\",\"dateModified\":\"2020-11-28T18:14:35+00:00\",\"breadcrumb\":{\"@id\":\"https:\/\/cheersyachting.com\/tr\/iletisim\/#breadcrumb\"},\"inLanguage\":\"tr\",\"potentialAction\":[{\"@type\":\"ReadAction\",\"target\":[\"https:\/\/cheersyachting.com\/tr\/iletisim\/\"]}]},{\"@type\":\"BreadcrumbList\",\"@id\":\"https:\/\/cheersyachting.com\/tr\/iletisim\/#breadcrumb\",\"itemListElement\":[{\"@type\":\"ListItem\",\"position\":1,\"name\":\"Ana sayfa\",\"item\":\"https:\/\/cheersyachting.com\/tr\/\"},{\"@type\":\"ListItem\",\"position\":2,\"name\":\"\u0130leti\u015fim\"}]},{\"@type\":\"WebSite\",\"@id\":\"https:\/\/cheersyachting.com\/tr\/#website\",\"url\":\"https:\/\/cheersyachting.com\/tr\/\",\"name\":\"Cheers Yachting\",\"description\":\"Cheers Yacht Charter\",\"potentialAction\":[{\"@type\":\"SearchAction\",\"target\":{\"@type\":\"EntryPoint\",\"urlTemplate\":\"https:\/\/cheersyachting.com\/tr\/?s={search_term_string}\"},\"query-input\":{\"@type\":\"PropertyValueSpecification\",\"valueRequired\":true,\"valueName\":\"search_term_string\"}}],\"inLanguage\":\"tr\"}]}<\/script>\n<!-- \/ Yoast SEO plugin. -->","yoast_head_json":{"title":"\u0130leti\u015fim - Cheers Yachting","robots":{"index":"index","follow":"follow","max-snippet":"max-snippet:-1","max-image-preview":"max-image-preview:large","max-video-preview":"max-video-preview:-1"},"canonical":"https:\/\/cheersyachting.com\/tr\/iletisim\/","og_locale":"tr_TR","og_type":"article","og_title":"\u0130leti\u015fim - Cheers Yachting","og_url":"https:\/\/cheersyachting.com\/tr\/iletisim\/","og_site_name":"Cheers Yachting","article_publisher":"https:\/\/www.facebook.com\/cheersyachting\/","article_modified_time":"2020-11-28T18:14:35+00:00","og_image":[{"width":839,"height":353,"url":"https:\/\/cheersyachting.com\/wp-content\/uploads\/Cheers-Yachting-Logo.jpg","type":"image\/jpeg"}],"twitter_card":"summary_large_image","twitter_misc":{"Tahmini okuma s\u00fcresi":"4 dakika"},"schema":{"@context":"https:\/\/schema.org","@graph":[{"@type":"WebPage","@id":"https:\/\/cheersyachting.com\/tr\/iletisim\/","url":"https:\/\/cheersyachting.com\/tr\/iletisim\/","name":"\u0130leti\u015fim - Cheers Yachting","isPartOf":{"@id":"https:\/\/cheersyachting.com\/tr\/#website"},"datePublished":"2019-01-03T11:10:11+00:00","dateModified":"2020-11-28T18:14:35+00:00","breadcrumb":{"@id":"https:\/\/cheersyachting.com\/tr\/iletisim\/#breadcrumb"},"inLanguage":"tr","potentialAction":[{"@type":"ReadAction","target":["https:\/\/cheersyachting.com\/tr\/iletisim\/"]}]},{"@type":"BreadcrumbList","@id":"https:\/\/cheersyachting.com\/tr\/iletisim\/#breadcrumb","itemListElement":[{"@type":"ListItem","position":1,"name":"Ana sayfa","item":"https:\/\/cheersyachting.com\/tr\/"},{"@type":"ListItem","position":2,"name":"\u0130leti\u015fim"}]},{"@type":"WebSite","@id":"https:\/\/cheersyachting.com\/tr\/#website","url":"https:\/\/cheersyachting.com\/tr\/","name":"Cheers Yachting","description":"Cheers Yacht Charter","potentialAction":[{"@type":"SearchAction","target":{"@type":"EntryPoint","urlTemplate":"https:\/\/cheersyachting.com\/tr\/?s={search_term_string}"},"query-input":{"@type":"PropertyValueSpecification","valueRequired":true,"valueName":"search_term_string"}}],"inLanguage":"tr"}]}},"_links":{"self":[{"href":"https:\/\/cheersyachting.com\/tr\/wp-json\/wp\/v2\/pages\/1755","targetHints":{"allow":["GET"]}}],"collection":[{"href":"https:\/\/cheersyachting.com\/tr\/wp-json\/wp\/v2\/pages"}],"about":[{"href":"https:\/\/cheersyachting.com\/tr\/wp-json\/wp\/v2\/types\/page"}],"author":[{"embeddable":true,"href":"https:\/\/cheersyachting.com\/tr\/wp-json\/wp\/v2\/users\/1"}],"replies":[{"embeddable":true,"href":"https:\/\/cheersyachting.com\/tr\/wp-json\/wp\/v2\/comments?post=1755"}],"version-history":[{"count":9,"href":"https:\/\/cheersyachting.com\/tr\/wp-json\/wp\/v2\/pages\/1755\/revisions"}],"predecessor-version":[{"id":3427,"href":"https:\/\/cheersyachting.com\/tr\/wp-json\/wp\/v2\/pages\/1755\/revisions\/3427"}],"wp:attachment":[{"href":"https:\/\/cheersyachting.com\/tr\/wp-json\/wp\/v2\/media?parent=1755"}],"curies":[{"name":"wp","href":"https:\/\/api.w.org\/{rel}","templated":true}]}}