{"id":1272,"date":"2018-12-31T14:10:25","date_gmt":"2018-12-31T14:10:25","guid":{"rendered":"http:\/\/cheersyachting.com\/cheers-yatcilik\/"},"modified":"2021-12-29T20:11:28","modified_gmt":"2021-12-29T17:11:28","slug":"cheers-yatcilik","status":"publish","type":"page","link":"https:\/\/cheersyachting.com\/tr\/","title":{"rendered":"Cheers Yat\u00e7\u0131l\u0131k"},"content":{"rendered":"<div   class='avia-fullscreen-slider main_color   avia-builder-el-0  el_before_av_heading  avia-builder-el-first  container_wrap fullsize'  ><a href='#next-section' title='' class='scroll-down-link av-control-default' aria-hidden='true' data-av_icon='\ue877' data-av_iconfont='entypo-fontello'><\/a><div  class='avia-slideshow av-kxrr1yqk-ec04db6ef8addefbccccb506660580d5 avia-slideshow-2048x2048 av_fullscreen avia-slide-slider av-slideshow-ui av-control-default av-slideshow-autoplay av-loop-endless av-loop-manual-endless av-slider-scroll-down-active av-default-height-applied   avia-slideshow-1' data-slideshow-options=\"{&quot;animation&quot;:&quot;slide&quot;,&quot;autoplay&quot;:true,&quot;loop_autoplay&quot;:&quot;endless&quot;,&quot;interval&quot;:5,&quot;loop_manual&quot;:&quot;manual-endless&quot;,&quot;autoplay_stopper&quot;:false,&quot;noNavigation&quot;:false,&quot;bg_slider&quot;:true,&quot;keep_padding&quot;:false,&quot;hoverpause&quot;:false,&quot;show_slide_delay&quot;:0,&quot;slide_height&quot;:&quot;100&quot;,&quot;image_attachment&quot;:&quot;&quot;}\"  itemprop=\"image\" itemscope=\"itemscope\" itemtype=\"https:\/\/schema.org\/ImageObject\" ><ul class='avia-slideshow-inner ' style='padding-bottom: 56.201171875%;'><li style='background-position:center center;' data-img-url='https:\/\/cheersyachting.com\/wp-content\/uploads\/DJI_0814-2048x1151.jpg' class='avia-slideshow-slide av-kxrr1yqk-ec04db6ef8addefbccccb506660580d5__0  slide-1 slide-odd'><div data-rel='slideshow-1' class='avia-slide-wrap '   ><\/div><\/li><li style='background-position:top center;' data-img-url='https:\/\/cheersyachting.com\/wp-content\/uploads\/Cheers-Yacht-1-2048x1536.jpeg' class='avia-slideshow-slide av-kxrr1yqk-ec04db6ef8addefbccccb506660580d5__1  slide-2 slide-even'><div data-rel='slideshow-1' class='avia-slide-wrap '   ><\/div><\/li><li style='background-position:bottom center;' data-img-url='https:\/\/cheersyachting.com\/wp-content\/uploads\/DJI_0418-2048x1151.jpg' class='avia-slideshow-slide av-kxrr1yqk-ec04db6ef8addefbccccb506660580d5__2  slide-3 slide-odd'><div data-rel='slideshow-1' class='avia-slide-wrap '   ><\/div><\/li><\/ul><div class='avia-slideshow-arrows avia-slideshow-controls' ><a href='#prev' class='prev-slide ' aria-hidden='true' data-av_icon='\ue87c' data-av_iconfont='entypo-fontello'  tabindex='-1'>\u00d6nceki<\/a><a href='#next' class='next-slide ' aria-hidden='true' data-av_icon='\ue87d' data-av_iconfont='entypo-fontello'  tabindex='-1'>Sonraki<\/a><\/div><div class='avia-slideshow-dots avia-slideshow-controls'><a href='#1' class='goto-slide active' >1<\/a><a href='#2' class='goto-slide ' >2<\/a><a href='#3' class='goto-slide ' >3<\/a><\/div><\/div><\/div><div id='after_full_slider_1'  class='main_color av_default_container_wrap container_wrap fullsize'  ><div class='container av-section-cont-open' ><div class='template-page content  av-content-full alpha units'><div class='post-entry post-entry-type-page post-entry-1272'><div class='entry-content-wrapper clearfix'>\n\n<style type=\"text\/css\" data-created_by=\"avia_inline_auto\" id=\"style-css-av-kxrsl7he-35c34489966c023948038bc3613eebce\">\n#top .av-special-heading.av-kxrsl7he-35c34489966c023948038bc3613eebce{\npadding-bottom:10px;\n}\nbody .av-special-heading.av-kxrsl7he-35c34489966c023948038bc3613eebce .av-special-heading-tag .heading-char{\nfont-size:25px;\n}\n.av-special-heading.av-kxrsl7he-35c34489966c023948038bc3613eebce .av-subheading{\nfont-size:15px;\n}\n<\/style>\n<div  class='av-special-heading av-kxrsl7he-35c34489966c023948038bc3613eebce av-special-heading-h1 blockquote modern-quote modern-centered  avia-builder-el-1  el_after_av_fullscreen  el_before_av_postcontent  avia-builder-el-no-sibling '><h1 class='av-special-heading-tag '  itemprop=\"headline\"  >Cheers Yat\u00e7\u0131l\u0131k<\/h1><div class=\"special-heading-border\"><div class=\"special-heading-inner-border\"><\/div><\/div><\/div>\n[av_horizontal_gallery ids='3302,875,839,913,397' height='25' size='large' links='' lightbox_text='' link_dest='' gap='1px' active='' initial='' control_layout='av-control-default' id='' custom_class='' av_uid='av-k3j0pp9p'][\/av_horizontal_gallery]\r\n\r\n[av_heading heading='Cheers Yat\u00e7\u0131l\u0131k Hakk\u0131nda' tag='h1' link_apply='' link='manually,http:\/\/' link_target='' style='blockquote modern-quote' size='' subheading_active='' subheading_size='15' margin='' padding='10' color='custom-color-heading' custom_font='#000000' custom_class='' id='' admin_preview_bg='' av-desktop-hide='' av-medium-hide='' av-small-hide='' av-mini-hide='' av-medium-font-size-title='' av-small-font-size-title='' av-mini-font-size-title='' av-medium-font-size='' av-small-font-size='' av-mini-font-size='' av_uid='av-9ohm3'][\/av_heading]\r\n\r\n[av_one_half first min_height='' vertical_alignment='' space='' custom_margin='' margin='0px' row_boxshadow='' row_boxshadow_color='' row_boxshadow_width='10' link='' linktarget='' link_hover='' padding='0px' highlight='' highlight_size='' border='' border_color='' radius='0px' column_boxshadow='' column_boxshadow_color='' column_boxshadow_width='10' background='bg_color' background_color='' background_gradient_color1='' background_gradient_color2='' background_gradient_direction='vertical' src='' background_position='top left' background_repeat='no-repeat' animation='' mobile_breaking='' mobile_display='' av_uid='av-h74o3']\r\n[av_textblock size='' font_color='' color='' av-medium-font-size='' av-small-font-size='' av-mini-font-size='' av_uid='av-jpvicdoo' admin_preview_bg='']\r\nCHEERS Yat\u00e7\u0131l\u0131k olarak Akdeniz\u00b4in ve Ege\u00b4nin en g\u00fczel koylar\u0131n\u0131 sizlerle birlikte ke\u015ffediyoruz. Aile ya da arkada\u015f grubu iseniz \u00f6zel tekne kiralama ile mavi yolculuk tatilinin rotalar\u0131n\u0131 birlikte \u00e7iziyoruz. Gulet Cheers ile tur boyunca size ait olarak diledi\u011finiz zaman denize girip, diledi\u011finiz zaman tarihi ve do\u011fal koylar\u0131m\u0131zda gezebilir; diledi\u011finiz zaman yemek yiyebilirsiniz. Hava \u015fartlar\u0131na g\u00f6re yelken keyfi yapabilirsiniz.\r\n\r\nTeknemizin g\u00fcler y\u00fczl\u00fc ve profesyonel personeli ile kaptan\u0131m\u0131z, gemicimiz, a\u015f\u00e7\u0131 ve hostesimiz ile hizmet vermekteyiz.\r\n\r\nMavi yolculuk deneyiminizi rahat ve geni\u015f kabinlere sahip olan M\/S CHEERS guletimiz ile konforlu ve l\u00fcks ya\u015famak isteyen m\u00fc\u015fterilerimiz taraf\u0131ndan do\u011fru tercih olaca\u011f\u0131na emin olabilirsiniz.\r\n\r\nB\u00f6yle bir ba\u015far\u0131y\u0131 sizden ald\u0131\u011f\u0131m\u0131z g\u00fcvene ve s\u0131n\u0131rs\u0131z deste\u011fe borcluyuz. Bizi tercih etti\u011finiz, Ailenize ve arkada\u015flar\u0131n\u0131za tavsiye etti\u011finiz i\u00e7in t\u00fcm KONUKLARIMIZA te\u015fekk\u00fcr etmeyi bir bor\u00e7 biliriz.\r\n[\/av_textblock]\r\n[\/av_one_half]\r\n\r\n[av_one_half min_height='' vertical_alignment='' space='' custom_margin='' margin='0px' row_boxshadow='' row_boxshadow_color='' row_boxshadow_width='10' link='' linktarget='' link_hover='' padding='0px' highlight='' highlight_size='' border='' border_color='' radius='0px' column_boxshadow='' column_boxshadow_color='' column_boxshadow_width='10' background='bg_color' background_color='' background_gradient_color1='' background_gradient_color2='' background_gradient_direction='vertical' src='' background_position='top left' background_repeat='no-repeat' animation='' mobile_breaking='' mobile_display='' av_uid='av-9xaqr']\r\n[av_codeblock wrapper_element='' wrapper_element_attributes='' codeblock_type='' deactivate_wrapper='aviaTBdeactivate_wrapper' av_uid='av-jqz9r2zw']\r\n<div id=\"TA_selfserveprop488\" class=\"TA_selfserveprop\">\r\n<ul id=\"EaKMSXoXLMbM\" class=\"TA_links 6CIfrW0t\">\r\n<li id=\"yOLCeRYQ\" class=\"HnvUyXg3eO\">\r\n<a target=\"_blank\" href=\"https:\/\/www.tripadvisor.com.tr\/\" rel=\"noopener noreferrer\"><img decoding=\"async\" src=\"https:\/\/www.tripadvisor.com.tr\/img\/cdsi\/img2\/branding\/150_logo-11900-2.png\" alt=\"TripAdvisor\"\/><\/a>\r\n<\/li>\r\n<\/ul>\r\n<\/div>\r\n<script async src=\"https:\/\/www.jscache.com\/wejs?wtype=selfserveprop&uniq=488&locationId=12830786&lang=en&rating=true&nreviews=6&writereviewlink=true&popIdx=true&iswide=true&border=true&display_version=2\" data-loadtrk onload=\"this.loadtrk=true\"><\/script>\r\n[\/av_codeblock]\r\n[\/av_one_half]\r\n\r\n\n\n<style type=\"text\/css\" data-created_by=\"avia_inline_auto\" id=\"style-css-av-fbrn0-bb1e193a6726b1fcb77a4adcf9c9e923\">\n.flex_column.av-fbrn0-bb1e193a6726b1fcb77a4adcf9c9e923{\nborder-radius:0px 0px 0px 0px;\npadding:0px 0px 0px 0px;\n}\n<\/style>\n<div  class='flex_column av-fbrn0-bb1e193a6726b1fcb77a4adcf9c9e923 av_one_full  avia-builder-el-3  el_after_av_postcontent  avia-builder-el-no-sibling  first flex_column_div av-zero-column-padding  '     ><p>\n<style type=\"text\/css\" data-created_by=\"avia_inline_auto\" id=\"style-css-av-a78w4-9f54868ef14b6335c9046aada8123d3b\">\n#top .av-special-heading.av-a78w4-9f54868ef14b6335c9046aada8123d3b{\npadding-bottom:10px;\n}\nbody .av-special-heading.av-a78w4-9f54868ef14b6335c9046aada8123d3b .av-special-heading-tag .heading-char{\nfont-size:25px;\n}\n.av-special-heading.av-a78w4-9f54868ef14b6335c9046aada8123d3b .av-subheading{\nfont-size:15px;\n}\n<\/style>\n<div  class='av-special-heading av-a78w4-9f54868ef14b6335c9046aada8123d3b av-special-heading-h2 blockquote modern-quote  avia-builder-el-4  el_before_av_blog  avia-builder-el-first '><h2 class='av-special-heading-tag '  itemprop=\"headline\"  >Son Blog Yaz\u0131lar\u0131<\/h2><div class=\"special-heading-border\"><div class=\"special-heading-inner-border\"><\/div><\/div><\/div><br \/>\n<\/p><\/div>\n","protected":false},"excerpt":{"rendered":"","protected":false},"author":1,"featured_media":20,"parent":0,"menu_order":0,"comment_status":"closed","ping_status":"closed","template":"","meta":{"footnotes":""},"class_list":["post-1272","page","type-page","status-publish","has-post-thumbnail","hentry"],"yoast_head":"<!-- This site is optimized with the Yoast SEO plugin v26.7 - https:\/\/yoast.com\/wordpress\/plugins\/seo\/ -->\n<title>Cheers Yat\u00e7\u0131l\u0131k - Cheers Yachting<\/title>\n<meta name=\"robots\" content=\"index, follow, max-snippet:-1, max-image-preview:large, max-video-preview:-1\" \/>\n<link rel=\"canonical\" href=\"https:\/\/cheersyachting.com\/tr\/\" \/>\n<meta property=\"og:locale\" content=\"tr_TR\" \/>\n<meta property=\"og:type\" content=\"article\" \/>\n<meta property=\"og:title\" content=\"Cheers Yat\u00e7\u0131l\u0131k - Cheers Yachting\" \/>\n<meta property=\"og:url\" content=\"https:\/\/cheersyachting.com\/tr\/\" \/>\n<meta property=\"og:site_name\" content=\"Cheers Yachting\" \/>\n<meta property=\"article:publisher\" content=\"https:\/\/www.facebook.com\/cheersyachting\/\" \/>\n<meta property=\"article:modified_time\" content=\"2021-12-29T17:11:28+00:00\" \/>\n<meta property=\"og:image\" content=\"https:\/\/cheersyachting.com\/wp-content\/uploads\/Cheers-Yachting-Logo.jpg\" \/>\n\t<meta property=\"og:image:width\" content=\"839\" \/>\n\t<meta property=\"og:image:height\" content=\"353\" \/>\n\t<meta property=\"og:image:type\" content=\"image\/jpeg\" \/>\n<meta name=\"twitter:card\" content=\"summary_large_image\" \/>\n<meta name=\"twitter:label1\" content=\"Tahmini okuma s\u00fcresi\" \/>\n\t<meta name=\"twitter:data1\" content=\"4 dakika\" \/>\n<script type=\"application\/ld+json\" class=\"yoast-schema-graph\">{\"@context\":\"https:\/\/schema.org\",\"@graph\":[{\"@type\":\"WebPage\",\"@id\":\"https:\/\/cheersyachting.com\/tr\/\",\"url\":\"https:\/\/cheersyachting.com\/tr\/\",\"name\":\"Cheers Yat\u00e7\u0131l\u0131k - Cheers Yachting\",\"isPartOf\":{\"@id\":\"https:\/\/cheersyachting.com\/tr\/#website\"},\"primaryImageOfPage\":{\"@id\":\"https:\/\/cheersyachting.com\/tr\/#primaryimage\"},\"image\":{\"@id\":\"https:\/\/cheersyachting.com\/tr\/#primaryimage\"},\"thumbnailUrl\":\"https:\/\/cheersyachting.com\/wp-content\/uploads\/Cheers-Yachting-Logo.jpg\",\"datePublished\":\"2018-12-31T14:10:25+00:00\",\"dateModified\":\"2021-12-29T17:11:28+00:00\",\"breadcrumb\":{\"@id\":\"https:\/\/cheersyachting.com\/tr\/#breadcrumb\"},\"inLanguage\":\"tr\",\"potentialAction\":[{\"@type\":\"ReadAction\",\"target\":[\"https:\/\/cheersyachting.com\/tr\/\"]}]},{\"@type\":\"ImageObject\",\"inLanguage\":\"tr\",\"@id\":\"https:\/\/cheersyachting.com\/tr\/#primaryimage\",\"url\":\"https:\/\/cheersyachting.com\/wp-content\/uploads\/Cheers-Yachting-Logo.jpg\",\"contentUrl\":\"https:\/\/cheersyachting.com\/wp-content\/uploads\/Cheers-Yachting-Logo.jpg\",\"width\":839,\"height\":353},{\"@type\":\"BreadcrumbList\",\"@id\":\"https:\/\/cheersyachting.com\/tr\/#breadcrumb\",\"itemListElement\":[{\"@type\":\"ListItem\",\"position\":1,\"name\":\"Ana sayfa\",\"item\":\"https:\/\/cheersyachting.com\/tr\/\"},{\"@type\":\"ListItem\",\"position\":2,\"name\":\"Cheers Yat\u00e7\u0131l\u0131k\"}]},{\"@type\":\"WebSite\",\"@id\":\"https:\/\/cheersyachting.com\/tr\/#website\",\"url\":\"https:\/\/cheersyachting.com\/tr\/\",\"name\":\"Cheers Yachting\",\"description\":\"Cheers Yacht Charter\",\"potentialAction\":[{\"@type\":\"SearchAction\",\"target\":{\"@type\":\"EntryPoint\",\"urlTemplate\":\"https:\/\/cheersyachting.com\/tr\/?s={search_term_string}\"},\"query-input\":{\"@type\":\"PropertyValueSpecification\",\"valueRequired\":true,\"valueName\":\"search_term_string\"}}],\"inLanguage\":\"tr\"}]}<\/script>\n<!-- \/ Yoast SEO plugin. -->","yoast_head_json":{"title":"Cheers Yat\u00e7\u0131l\u0131k - Cheers Yachting","robots":{"index":"index","follow":"follow","max-snippet":"max-snippet:-1","max-image-preview":"max-image-preview:large","max-video-preview":"max-video-preview:-1"},"canonical":"https:\/\/cheersyachting.com\/tr\/","og_locale":"tr_TR","og_type":"article","og_title":"Cheers Yat\u00e7\u0131l\u0131k - Cheers Yachting","og_url":"https:\/\/cheersyachting.com\/tr\/","og_site_name":"Cheers Yachting","article_publisher":"https:\/\/www.facebook.com\/cheersyachting\/","article_modified_time":"2021-12-29T17:11:28+00:00","og_image":[{"width":839,"height":353,"url":"https:\/\/cheersyachting.com\/wp-content\/uploads\/Cheers-Yachting-Logo.jpg","type":"image\/jpeg"}],"twitter_card":"summary_large_image","twitter_misc":{"Tahmini okuma s\u00fcresi":"4 dakika"},"schema":{"@context":"https:\/\/schema.org","@graph":[{"@type":"WebPage","@id":"https:\/\/cheersyachting.com\/tr\/","url":"https:\/\/cheersyachting.com\/tr\/","name":"Cheers Yat\u00e7\u0131l\u0131k - Cheers Yachting","isPartOf":{"@id":"https:\/\/cheersyachting.com\/tr\/#website"},"primaryImageOfPage":{"@id":"https:\/\/cheersyachting.com\/tr\/#primaryimage"},"image":{"@id":"https:\/\/cheersyachting.com\/tr\/#primaryimage"},"thumbnailUrl":"https:\/\/cheersyachting.com\/wp-content\/uploads\/Cheers-Yachting-Logo.jpg","datePublished":"2018-12-31T14:10:25+00:00","dateModified":"2021-12-29T17:11:28+00:00","breadcrumb":{"@id":"https:\/\/cheersyachting.com\/tr\/#breadcrumb"},"inLanguage":"tr","potentialAction":[{"@type":"ReadAction","target":["https:\/\/cheersyachting.com\/tr\/"]}]},{"@type":"ImageObject","inLanguage":"tr","@id":"https:\/\/cheersyachting.com\/tr\/#primaryimage","url":"https:\/\/cheersyachting.com\/wp-content\/uploads\/Cheers-Yachting-Logo.jpg","contentUrl":"https:\/\/cheersyachting.com\/wp-content\/uploads\/Cheers-Yachting-Logo.jpg","width":839,"height":353},{"@type":"BreadcrumbList","@id":"https:\/\/cheersyachting.com\/tr\/#breadcrumb","itemListElement":[{"@type":"ListItem","position":1,"name":"Ana sayfa","item":"https:\/\/cheersyachting.com\/tr\/"},{"@type":"ListItem","position":2,"name":"Cheers Yat\u00e7\u0131l\u0131k"}]},{"@type":"WebSite","@id":"https:\/\/cheersyachting.com\/tr\/#website","url":"https:\/\/cheersyachting.com\/tr\/","name":"Cheers Yachting","description":"Cheers Yacht Charter","potentialAction":[{"@type":"SearchAction","target":{"@type":"EntryPoint","urlTemplate":"https:\/\/cheersyachting.com\/tr\/?s={search_term_string}"},"query-input":{"@type":"PropertyValueSpecification","valueRequired":true,"valueName":"search_term_string"}}],"inLanguage":"tr"}]}},"_links":{"self":[{"href":"https:\/\/cheersyachting.com\/tr\/wp-json\/wp\/v2\/pages\/1272","targetHints":{"allow":["GET"]}}],"collection":[{"href":"https:\/\/cheersyachting.com\/tr\/wp-json\/wp\/v2\/pages"}],"about":[{"href":"https:\/\/cheersyachting.com\/tr\/wp-json\/wp\/v2\/types\/page"}],"author":[{"embeddable":true,"href":"https:\/\/cheersyachting.com\/tr\/wp-json\/wp\/v2\/users\/1"}],"replies":[{"embeddable":true,"href":"https:\/\/cheersyachting.com\/tr\/wp-json\/wp\/v2\/comments?post=1272"}],"version-history":[{"count":21,"href":"https:\/\/cheersyachting.com\/tr\/wp-json\/wp\/v2\/pages\/1272\/revisions"}],"predecessor-version":[{"id":3907,"href":"https:\/\/cheersyachting.com\/tr\/wp-json\/wp\/v2\/pages\/1272\/revisions\/3907"}],"wp:featuredmedia":[{"embeddable":true,"href":"https:\/\/cheersyachting.com\/tr\/wp-json\/wp\/v2\/media\/20"}],"wp:attachment":[{"href":"https:\/\/cheersyachting.com\/tr\/wp-json\/wp\/v2\/media?parent=1272"}],"curies":[{"name":"wp","href":"https:\/\/api.w.org\/{rel}","templated":true}]}}