{"id":1264,"date":"2018-12-31T12:11:05","date_gmt":"2018-12-31T12:11:05","guid":{"rendered":"http:\/\/cheersyachting.com\/teknede-yasam\/"},"modified":"2020-11-28T21:03:28","modified_gmt":"2020-11-28T18:03:28","slug":"teknede-yasam","status":"publish","type":"page","link":"https:\/\/cheersyachting.com\/tr\/teknede-yasam\/","title":{"rendered":"Teknede Ya\u015fam"},"content":{"rendered":"\n<style type=\"text\/css\" data-created_by=\"avia_inline_auto\" id=\"style-css-av-mndsp-22365a9ab5ec34f11b9a6bd4e01cbdae\">\n#top .av-special-heading.av-mndsp-22365a9ab5ec34f11b9a6bd4e01cbdae{\npadding-bottom:10px;\n}\nbody .av-special-heading.av-mndsp-22365a9ab5ec34f11b9a6bd4e01cbdae .av-special-heading-tag .heading-char{\nfont-size:25px;\n}\n.av-special-heading.av-mndsp-22365a9ab5ec34f11b9a6bd4e01cbdae .av-subheading{\nfont-size:15px;\n}\n<\/style>\n<div  class='av-special-heading av-mndsp-22365a9ab5ec34f11b9a6bd4e01cbdae av-special-heading-h1  avia-builder-el-0  el_before_av_codeblock  avia-builder-el-first  av-linked-heading'><h1 class='av-special-heading-tag '  itemprop=\"headline\"  >Teknede Ya\u015fam<\/h1><div class=\"special-heading-border\"><div class=\"special-heading-inner-border\"><\/div><\/div><\/div>\n\n\n<style type=\"text\/css\" data-created_by=\"avia_inline_auto\" id=\"style-css-av-foag1-287434cd54446a9e749437023f7dca23\">\n#top .av-special-heading.av-foag1-287434cd54446a9e749437023f7dca23{\npadding-bottom:10px;\n}\nbody .av-special-heading.av-foag1-287434cd54446a9e749437023f7dca23 .av-special-heading-tag .heading-char{\nfont-size:25px;\n}\n.av-special-heading.av-foag1-287434cd54446a9e749437023f7dca23 .av-subheading{\nfont-size:15px;\n}\n<\/style>\n<div  class='av-special-heading av-foag1-287434cd54446a9e749437023f7dca23 av-special-heading-h2 blockquote modern-quote  avia-builder-el-2  el_after_av_codeblock  el_before_av_textblock  av-linked-heading'><h2 class='av-special-heading-tag '  itemprop=\"headline\"  >Teknede Ya\u015fam<\/h2><div class=\"special-heading-border\"><div class=\"special-heading-inner-border\"><\/div><\/div><\/div>\n<section  class='av_textblock_section av-jq55tkt5-4d9ecccc22f5a20676a4b23bbdc42ea8 '   itemscope=\"itemscope\" itemtype=\"https:\/\/schema.org\/CreativeWork\" ><div class='avia_textblock'  itemprop=\"text\" ><p>Akdeniz\u2019in sakin ve \u0131l\u0131k mavi sular\u0131nda koy koy dola\u015fmak, yemye\u015fil ve mis kokulu \u00e7am ormanlar\u0131 \u0130le \u00e7evrili denizlerin tad\u0131n\u0131 \u00e7\u0131karmak, \u00fc\u00e7 \u00f6\u011f\u00fcn sizin tercih etti\u011finiz m\u00f6n\u00fclerle beslenmek, g\u00fcvertede y\u0131ld\u0131zlar\u0131n alt\u0131nda iyot ve denizin muhte\u015fem kokusunda m\u0131\u015f\u0131l m\u0131\u015f\u0131l uyuyup, sabah p\u0131r\u0131l p\u0131r\u0131l \u0131\u015f\u0131klarla s\u00fckunet i\u00e7inde g\u00fcne\u015fin do\u011fu\u015funa e\u015flik etmek isterseniz sizi a\u011f\u0131rlamaktan mutluluk duyar\u0131z.<\/p>\n<p>CHEERS;sizlere g\u00fcler y\u00fczl\u00fc ve profesyonel ekibi ile tekneye ad\u0131m att\u0131\u011f\u0131n\u0131z andan ayr\u0131l\u0131ncaya kadar s\u00fcrprizlerle dolu harika bir yolculuk sunmay\u0131 garanti eder&#8230;<\/p>\n<p>Sadece seyretmek de\u011fil yakamozlar\u0131n i\u00e7inde gece karanl\u0131\u011f\u0131nda fosfor sa\u00e7arak y\u00fczmek ve b\u00fcy\u00fcl\u00fc anlar ya\u015famak sizin elinizde&#8230;<\/p>\n<\/div><\/section>\n\n<style type=\"text\/css\" data-created_by=\"avia_inline_auto\" id=\"style-css-av-bi9zd-8cdfbc0a27db95d38b05764f7ad00931\">\n#top .av-special-heading.av-bi9zd-8cdfbc0a27db95d38b05764f7ad00931{\npadding-bottom:10px;\n}\nbody .av-special-heading.av-bi9zd-8cdfbc0a27db95d38b05764f7ad00931 .av-special-heading-tag .heading-char{\nfont-size:25px;\n}\n.av-special-heading.av-bi9zd-8cdfbc0a27db95d38b05764f7ad00931 .av-subheading{\nfont-size:15px;\n}\n<\/style>\n<div  class='av-special-heading av-bi9zd-8cdfbc0a27db95d38b05764f7ad00931 av-special-heading-h2 blockquote modern-quote  avia-builder-el-4  el_after_av_textblock  el_before_av_textblock  av-linked-heading'><h2 class='av-special-heading-tag '  itemprop=\"headline\"  >Teknede Ya\u015fam<\/h2><div class=\"special-heading-border\"><div class=\"special-heading-inner-border\"><\/div><\/div><\/div>\n<section  class='av_textblock_section av-jqawy653-7adb9c141d3629c038c6996a9d9444ee '   itemscope=\"itemscope\" itemtype=\"https:\/\/schema.org\/CreativeWork\" ><div class='avia_textblock'  itemprop=\"text\" ><p>Mavi yolculukta; Her ya\u015ftan misafirimizi memnun edebilecek konfora sahip guletimizde g\u00fcn i\u00e7erisinde dileyen misafirlerimiz kendi arzusuna g\u00f6re kamaras\u0131nda dinlenebilir, g\u00fcvertede g\u00fcne\u015flenebilir, g\u00f6lgeliklerde kitab\u0131n\u0131 okuyabilir ya da kano veya Paddle board yaparak denizin tad\u0131n\u0131 \u00e7\u0131karabilir.<\/p>\n<p>Ak\u015famlar\u0131 mangal keyfi ile ba\u015flayan yemek sefas\u0131 sonras\u0131nda tavla, uno, scrabble gibi oyunlarla e\u011flenildi\u011fi gibi m\u00fczik e\u015fli\u011finde \u015fark\u0131lar s\u00f6yleyerek, dostlarla muhabbet ederek uykuya haz\u0131rlan\u0131l\u0131r.<br \/>\nGecenin y\u0131ld\u0131zlarla bezenmi\u015f g\u00f6ky\u00fcz\u00fcnden kayan y\u0131ld\u0131zlar\u0131 sayarak, \u00f6mr\u00fcn\u00fcze \u00f6m\u00fcr katacak e\u015fsiz bir deneyim ya\u015fayacaks\u0131n\u0131z.<\/p>\n<p>Mavi yolculu\u011fumuzun rotas\u0131nda bulunan antik liman ve \u00f6ren yerlerinin ziyaretleri i\u00e7in turistik beldelere ula\u015f\u0131m turumuza dahildir.<\/p>\n<p>Akdeniz in en g\u00fczel koylar\u0131n\u0131 ezbere bilen guletimiz ve size \u00f6zel mavi yolculuk se\u00e7enekleri ile e\u015fsiz manzaralar e\u015fli\u011finde, g\u00fcvenli bir mavi yolculuk yapmak isterseniz 7\/24 bize ula\u015fabilirsiniz.<\/p>\n<\/div><\/section>\n","protected":false},"excerpt":{"rendered":"","protected":false},"author":1,"featured_media":0,"parent":0,"menu_order":0,"comment_status":"closed","ping_status":"closed","template":"","meta":{"footnotes":""},"class_list":["post-1264","page","type-page","status-publish","hentry"],"yoast_head":"<!-- This site is optimized with the Yoast SEO plugin v26.7 - https:\/\/yoast.com\/wordpress\/plugins\/seo\/ -->\n<title>Teknede Ya\u015fam - Cheers Yachting<\/title>\n<meta name=\"robots\" content=\"index, follow, max-snippet:-1, max-image-preview:large, max-video-preview:-1\" \/>\n<link rel=\"canonical\" href=\"https:\/\/cheersyachting.com\/tr\/teknede-yasam\/\" \/>\n<meta property=\"og:locale\" content=\"tr_TR\" \/>\n<meta property=\"og:type\" content=\"article\" \/>\n<meta property=\"og:title\" content=\"Teknede Ya\u015fam - Cheers Yachting\" \/>\n<meta property=\"og:url\" content=\"https:\/\/cheersyachting.com\/tr\/teknede-yasam\/\" \/>\n<meta property=\"og:site_name\" content=\"Cheers Yachting\" \/>\n<meta property=\"article:publisher\" content=\"https:\/\/www.facebook.com\/cheersyachting\/\" \/>\n<meta property=\"article:modified_time\" content=\"2020-11-28T18:03:28+00:00\" \/>\n<meta property=\"og:image\" content=\"https:\/\/cheersyachting.com\/wp-content\/uploads\/Cheers-Yachting-Logo.jpg\" \/>\n\t<meta property=\"og:image:width\" content=\"839\" \/>\n\t<meta property=\"og:image:height\" content=\"353\" \/>\n\t<meta property=\"og:image:type\" content=\"image\/jpeg\" \/>\n<meta name=\"twitter:card\" content=\"summary_large_image\" \/>\n<meta name=\"twitter:label1\" content=\"Tahmini okuma s\u00fcresi\" \/>\n\t<meta name=\"twitter:data1\" content=\"3 dakika\" \/>\n<script type=\"application\/ld+json\" class=\"yoast-schema-graph\">{\"@context\":\"https:\/\/schema.org\",\"@graph\":[{\"@type\":\"WebPage\",\"@id\":\"https:\/\/cheersyachting.com\/tr\/teknede-yasam\/\",\"url\":\"https:\/\/cheersyachting.com\/tr\/teknede-yasam\/\",\"name\":\"Teknede Ya\u015fam - Cheers Yachting\",\"isPartOf\":{\"@id\":\"https:\/\/cheersyachting.com\/tr\/#website\"},\"datePublished\":\"2018-12-31T12:11:05+00:00\",\"dateModified\":\"2020-11-28T18:03:28+00:00\",\"breadcrumb\":{\"@id\":\"https:\/\/cheersyachting.com\/tr\/teknede-yasam\/#breadcrumb\"},\"inLanguage\":\"tr\",\"potentialAction\":[{\"@type\":\"ReadAction\",\"target\":[\"https:\/\/cheersyachting.com\/tr\/teknede-yasam\/\"]}]},{\"@type\":\"BreadcrumbList\",\"@id\":\"https:\/\/cheersyachting.com\/tr\/teknede-yasam\/#breadcrumb\",\"itemListElement\":[{\"@type\":\"ListItem\",\"position\":1,\"name\":\"Ana sayfa\",\"item\":\"https:\/\/cheersyachting.com\/tr\/\"},{\"@type\":\"ListItem\",\"position\":2,\"name\":\"Teknede Ya\u015fam\"}]},{\"@type\":\"WebSite\",\"@id\":\"https:\/\/cheersyachting.com\/tr\/#website\",\"url\":\"https:\/\/cheersyachting.com\/tr\/\",\"name\":\"Cheers Yachting\",\"description\":\"Cheers Yacht Charter\",\"potentialAction\":[{\"@type\":\"SearchAction\",\"target\":{\"@type\":\"EntryPoint\",\"urlTemplate\":\"https:\/\/cheersyachting.com\/tr\/?s={search_term_string}\"},\"query-input\":{\"@type\":\"PropertyValueSpecification\",\"valueRequired\":true,\"valueName\":\"search_term_string\"}}],\"inLanguage\":\"tr\"}]}<\/script>\n<!-- \/ Yoast SEO plugin. -->","yoast_head_json":{"title":"Teknede Ya\u015fam - Cheers Yachting","robots":{"index":"index","follow":"follow","max-snippet":"max-snippet:-1","max-image-preview":"max-image-preview:large","max-video-preview":"max-video-preview:-1"},"canonical":"https:\/\/cheersyachting.com\/tr\/teknede-yasam\/","og_locale":"tr_TR","og_type":"article","og_title":"Teknede Ya\u015fam - Cheers Yachting","og_url":"https:\/\/cheersyachting.com\/tr\/teknede-yasam\/","og_site_name":"Cheers Yachting","article_publisher":"https:\/\/www.facebook.com\/cheersyachting\/","article_modified_time":"2020-11-28T18:03:28+00:00","og_image":[{"width":839,"height":353,"url":"https:\/\/cheersyachting.com\/wp-content\/uploads\/Cheers-Yachting-Logo.jpg","type":"image\/jpeg"}],"twitter_card":"summary_large_image","twitter_misc":{"Tahmini okuma s\u00fcresi":"3 dakika"},"schema":{"@context":"https:\/\/schema.org","@graph":[{"@type":"WebPage","@id":"https:\/\/cheersyachting.com\/tr\/teknede-yasam\/","url":"https:\/\/cheersyachting.com\/tr\/teknede-yasam\/","name":"Teknede Ya\u015fam - Cheers Yachting","isPartOf":{"@id":"https:\/\/cheersyachting.com\/tr\/#website"},"datePublished":"2018-12-31T12:11:05+00:00","dateModified":"2020-11-28T18:03:28+00:00","breadcrumb":{"@id":"https:\/\/cheersyachting.com\/tr\/teknede-yasam\/#breadcrumb"},"inLanguage":"tr","potentialAction":[{"@type":"ReadAction","target":["https:\/\/cheersyachting.com\/tr\/teknede-yasam\/"]}]},{"@type":"BreadcrumbList","@id":"https:\/\/cheersyachting.com\/tr\/teknede-yasam\/#breadcrumb","itemListElement":[{"@type":"ListItem","position":1,"name":"Ana sayfa","item":"https:\/\/cheersyachting.com\/tr\/"},{"@type":"ListItem","position":2,"name":"Teknede Ya\u015fam"}]},{"@type":"WebSite","@id":"https:\/\/cheersyachting.com\/tr\/#website","url":"https:\/\/cheersyachting.com\/tr\/","name":"Cheers Yachting","description":"Cheers Yacht Charter","potentialAction":[{"@type":"SearchAction","target":{"@type":"EntryPoint","urlTemplate":"https:\/\/cheersyachting.com\/tr\/?s={search_term_string}"},"query-input":{"@type":"PropertyValueSpecification","valueRequired":true,"valueName":"search_term_string"}}],"inLanguage":"tr"}]}},"_links":{"self":[{"href":"https:\/\/cheersyachting.com\/tr\/wp-json\/wp\/v2\/pages\/1264","targetHints":{"allow":["GET"]}}],"collection":[{"href":"https:\/\/cheersyachting.com\/tr\/wp-json\/wp\/v2\/pages"}],"about":[{"href":"https:\/\/cheersyachting.com\/tr\/wp-json\/wp\/v2\/types\/page"}],"author":[{"embeddable":true,"href":"https:\/\/cheersyachting.com\/tr\/wp-json\/wp\/v2\/users\/1"}],"replies":[{"embeddable":true,"href":"https:\/\/cheersyachting.com\/tr\/wp-json\/wp\/v2\/comments?post=1264"}],"version-history":[{"count":20,"href":"https:\/\/cheersyachting.com\/tr\/wp-json\/wp\/v2\/pages\/1264\/revisions"}],"predecessor-version":[{"id":3425,"href":"https:\/\/cheersyachting.com\/tr\/wp-json\/wp\/v2\/pages\/1264\/revisions\/3425"}],"wp:attachment":[{"href":"https:\/\/cheersyachting.com\/tr\/wp-json\/wp\/v2\/media?parent=1264"}],"curies":[{"name":"wp","href":"https:\/\/api.w.org\/{rel}","templated":true}]}}