{"id":3850,"date":"2021-12-29T19:00:36","date_gmt":"2021-12-29T16:00:36","guid":{"rendered":"https:\/\/cheersyachting.com\/croisiere-dune-semaine\/"},"modified":"2021-12-29T19:00:36","modified_gmt":"2021-12-29T16:00:36","slug":"croisiere-dune-semaine","status":"publish","type":"page","link":"https:\/\/cheersyachting.com\/fr\/croisiere-dune-semaine\/","title":{"rendered":"Croisi\u00e8re d\u2019une semaine"},"content":{"rendered":"<div  class='flex_column av-ya18i1-2b8ef79ab4b8de31d77c5797e68c9481 av_one_full  avia-builder-el-0  el_before_av_section  avia-builder-el-no-sibling  first flex_column_div  '     ><style type=\"text\/css\" data-created_by=\"avia_inline_auto\" id=\"style-css-av-kxrpmw1d-eb5f276af12abef1a6cf08f0471d5176\">\n#top .av-special-heading.av-kxrpmw1d-eb5f276af12abef1a6cf08f0471d5176{\npadding-bottom:10px;\n}\nbody .av-special-heading.av-kxrpmw1d-eb5f276af12abef1a6cf08f0471d5176 .av-special-heading-tag .heading-char{\nfont-size:25px;\n}\n.av-special-heading.av-kxrpmw1d-eb5f276af12abef1a6cf08f0471d5176 .av-subheading{\nfont-size:15px;\n}\n<\/style>\n<div  class='av-special-heading av-kxrpmw1d-eb5f276af12abef1a6cf08f0471d5176 av-special-heading-h1 blockquote modern-quote modern-centered  avia-builder-el-1  avia-builder-el-no-sibling '><h1 class='av-special-heading-tag '  itemprop=\"headline\"  >Croisi\u00e8re d\u2019une semaine<\/h1><div class=\"special-heading-border\"><div class=\"special-heading-inner-border\"><\/div><\/div><\/div><\/div>\n<\/div><\/div><\/div><!-- close content main div --><\/div><\/div><div id='av_section_1'  class='avia-section av-wehtmx-7156d106cde9cb81bbd59003abc2ff3f main_color avia-section-default avia-no-border-styling  avia-builder-el-2  el_after_av_one_full  avia-builder-el-last  avia-bg-style-scroll container_wrap fullsize'  ><div class='container av-section-cont-open' ><div class='template-page content  av-content-full alpha units'><div class='post-entry post-entry-type-page post-entry-3850'><div class='entry-content-wrapper clearfix'>\n\n<style type=\"text\/css\" data-created_by=\"avia_inline_auto\" id=\"style-css-av-34n2vt-306cfa18d11b3972a14ecadcab72ee59\">\n.flex_column.av-34n2vt-306cfa18d11b3972a14ecadcab72ee59{\nborder-radius:0px 0px 0px 0px;\npadding:0px 0px 0px 0px;\n}\n<\/style>\n<div  class='flex_column av-34n2vt-306cfa18d11b3972a14ecadcab72ee59 av_one_half  avia-builder-el-3  el_before_av_one_half  avia-builder-el-first  first flex_column_div av-zero-column-padding  '     ><p>\n<style type=\"text\/css\" data-created_by=\"avia_inline_auto\" id=\"style-css-av-svtf95-a433fdda28199e9f1d74bd44fb2a6f14\">\n#top .av-special-heading.av-svtf95-a433fdda28199e9f1d74bd44fb2a6f14{\npadding-bottom:10px;\n}\nbody .av-special-heading.av-svtf95-a433fdda28199e9f1d74bd44fb2a6f14 .av-special-heading-tag .heading-char{\nfont-size:25px;\n}\n.av-special-heading.av-svtf95-a433fdda28199e9f1d74bd44fb2a6f14 .av-subheading{\nfont-size:15px;\n}\n<\/style>\n<div  class='av-special-heading av-svtf95-a433fdda28199e9f1d74bd44fb2a6f14 av-special-heading-h3 blockquote modern-quote  avia-builder-el-4  el_before_av_textblock  avia-builder-el-first  av-linked-heading'><h3 class='av-special-heading-tag '  itemprop=\"headline\"  ><a class=\"av-heading-link\" href=\"https:\/\/cheersyachting.com\/routes\/blue-cruise-fethiye-gocek-fethiye\/\" >Croisi\u00e8re bleue : Fethiye \u2013 G\u00f6cek \u2013 Fethiye <\/a><\/h3><div class=\"special-heading-border\"><div class=\"special-heading-inner-border\"><\/div><\/div><\/div><br \/>\n<section  class='av_textblock_section av-r837uh-9c44cbcbdaa60fce875bafa032999f48 '   itemscope=\"itemscope\" itemtype=\"https:\/\/schema.org\/CreativeWork\" ><div class='avia_textblock'  itemprop=\"text\" ><p>Nous vous donnons rendez-vous au port de Fethiye ou nous vous accueillerons \u00e0 bord de Cheers, notre bateau, \u00e0 16 heures. Lorsque l\u2019embarquement sera termin\u00e9, nous naviguerons jusqu\u2019\u00e0 Red Island o\u00f9 nous passerons la nuit. Pendant le trajet, d\u00e9tendez-vous, profitez du paysage de la magnifique r\u00e9gion de G\u00f6cek, les vacances commencent.<\/p>\n<\/div><\/section><\/p><\/div>\n<style type=\"text\/css\" data-created_by=\"avia_inline_auto\" id=\"style-css-av-px69dl-a4fe9c105ac17fe7eb18b93ffb52204c\">\n.flex_column.av-px69dl-a4fe9c105ac17fe7eb18b93ffb52204c{\nborder-radius:0px 0px 0px 0px;\npadding:0px 0px 0px 0px;\n}\n<\/style>\n<div  class='flex_column av-px69dl-a4fe9c105ac17fe7eb18b93ffb52204c av_one_half  avia-builder-el-6  el_after_av_one_half  el_before_av_one_half  flex_column_div av-zero-column-padding  '     ><p>\n<style type=\"text\/css\" data-created_by=\"avia_inline_auto\" id=\"style-css-av-nq393d-9e295ab7201fb63cd559f84fd073031f\">\n#top .av-special-heading.av-nq393d-9e295ab7201fb63cd559f84fd073031f{\npadding-bottom:10px;\n}\nbody .av-special-heading.av-nq393d-9e295ab7201fb63cd559f84fd073031f .av-special-heading-tag .heading-char{\nfont-size:25px;\n}\n.av-special-heading.av-nq393d-9e295ab7201fb63cd559f84fd073031f .av-subheading{\nfont-size:15px;\n}\n<\/style>\n<div  class='av-special-heading av-nq393d-9e295ab7201fb63cd559f84fd073031f av-special-heading-h3 blockquote modern-quote  avia-builder-el-7  el_before_av_textblock  avia-builder-el-first  av-linked-heading'><h3 class='av-special-heading-tag '  itemprop=\"headline\"  ><a class=\"av-heading-link\" href=\"https:\/\/cheersyachting.com\/routes\/blue-cruise-fethiye-kekova-fethiye\/\" >Croisi\u00e8re bleue : Fethiye \u2013 Kekova \u2013 Fethiye <\/a><\/h3><div class=\"special-heading-border\"><div class=\"special-heading-inner-border\"><\/div><\/div><\/div><br \/>\n<section  class='av_textblock_section av-ml59tl-49b5fa240a75514ee65d631f7d705620 '   itemscope=\"itemscope\" itemtype=\"https:\/\/schema.org\/CreativeWork\" ><div class='avia_textblock'  itemprop=\"text\" ><p>L\u2019embarquement \u00e0 bord de Cheers se fait \u00e0 16h00 dans le port de Fethiye. Installez-vous confortablement sur le pont pendant que nous vous expliquons le d\u00e9roulement de la croisi\u00e8re. Lorsque l&#8217;embarquement sera termin\u00e9, nous partirons pour la baie de Boncuklu. Baignade et d\u00e9tente seront les activit\u00e9s principales du reste de la journ\u00e9e. Apr\u00e8s un d\u00e9licieux repas turc traditionnel, vous aurez le choix entre une nuit paisible dans votre cabine ou dormir sur le pont \u00e0 la belle \u00e9toile.<\/p>\n<\/div><\/section><\/p><\/div>\n<style type=\"text\/css\" data-created_by=\"avia_inline_auto\" id=\"style-css-av-kvzua1-840b706174557b0a375ae828d1fc40ea\">\n.flex_column.av-kvzua1-840b706174557b0a375ae828d1fc40ea{\nborder-radius:0px 0px 0px 0px;\npadding:0px 0px 0px 0px;\n}\n<\/style>\n<div  class='flex_column av-kvzua1-840b706174557b0a375ae828d1fc40ea av_one_half  avia-builder-el-9  el_after_av_one_half  el_before_av_one_half  first flex_column_div av-zero-column-padding  column-top-margin'     ><p>\n<style type=\"text\/css\" data-created_by=\"avia_inline_auto\" id=\"style-css-av-iq8mo9-bd79cb048eac4e509b4b5c7f7fa2d57e\">\n#top .av-special-heading.av-iq8mo9-bd79cb048eac4e509b4b5c7f7fa2d57e{\npadding-bottom:10px;\n}\nbody .av-special-heading.av-iq8mo9-bd79cb048eac4e509b4b5c7f7fa2d57e .av-special-heading-tag .heading-char{\nfont-size:25px;\n}\n.av-special-heading.av-iq8mo9-bd79cb048eac4e509b4b5c7f7fa2d57e .av-subheading{\nfont-size:15px;\n}\n<\/style>\n<div  class='av-special-heading av-iq8mo9-bd79cb048eac4e509b4b5c7f7fa2d57e av-special-heading-h3 blockquote modern-quote  avia-builder-el-10  el_before_av_textblock  avia-builder-el-first  av-linked-heading'><h3 class='av-special-heading-tag '  itemprop=\"headline\"  ><a class=\"av-heading-link\" href=\"https:\/\/cheersyachting.com\/routes\/blue-cruise-fethiye-kekova\/\" >Croisi\u00e8re bleue : Fethiye &#8211; Ka\u015f &#8211; Kekova<\/a><\/h3><div class=\"special-heading-border\"><div class=\"special-heading-inner-border\"><\/div><\/div><\/div><br \/>\n<section  class='av_textblock_section av-i5a66h-c8deb9fba7c2e68f9c21b2fb649aa713 '   itemscope=\"itemscope\" itemtype=\"https:\/\/schema.org\/CreativeWork\" ><div class='avia_textblock'  itemprop=\"text\" ><p>L\u2019embarquement \u00e0 bord de Cheers se fait \u00e0 16h00 dans le port de Fethiye. Installez-vous confortablement sur le pont pendant que nous vous expliquons le d\u00e9roulement de la croisi\u00e8re. Lorsque l&#8217;embarquement sera termin\u00e9, nous partirons pour la baie de Boncuklu. Baignade et d\u00e9tente seront les activit\u00e9s principales du reste de la journ\u00e9e. Apr\u00e8s un d\u00e9licieux repas turc traditionnel, vous aurez le choix entre une nuit paisible dans votre cabine ou dormir sur le pont \u00e0 la belle \u00e9toile.<\/p>\n<\/div><\/section><\/p><\/div>\n<style type=\"text\/css\" data-created_by=\"avia_inline_auto\" id=\"style-css-av-f3op55-e6861b205e4af45f7caaa267a020d952\">\n.flex_column.av-f3op55-e6861b205e4af45f7caaa267a020d952{\nborder-radius:0px 0px 0px 0px;\npadding:0px 0px 0px 0px;\n}\n<\/style>\n<div  class='flex_column av-f3op55-e6861b205e4af45f7caaa267a020d952 av_one_half  avia-builder-el-12  el_after_av_one_half  el_before_av_one_half  flex_column_div av-zero-column-padding  column-top-margin'     ><p>\n<style type=\"text\/css\" data-created_by=\"avia_inline_auto\" id=\"style-css-av-1h6qex-dd3be3eff74d449c0151a22eb4e87a7c\">\n#top .av-special-heading.av-1h6qex-dd3be3eff74d449c0151a22eb4e87a7c{\npadding-bottom:10px;\n}\nbody .av-special-heading.av-1h6qex-dd3be3eff74d449c0151a22eb4e87a7c .av-special-heading-tag .heading-char{\nfont-size:25px;\n}\n.av-special-heading.av-1h6qex-dd3be3eff74d449c0151a22eb4e87a7c .av-subheading{\nfont-size:15px;\n}\n<\/style>\n<div  class='av-special-heading av-1h6qex-dd3be3eff74d449c0151a22eb4e87a7c av-special-heading-h3 blockquote modern-quote  avia-builder-el-13  el_before_av_textblock  avia-builder-el-first  av-linked-heading'><h3 class='av-special-heading-tag '  itemprop=\"headline\"  ><a class=\"av-heading-link\" href=\"https:\/\/cheersyachting.com\/routes\/blue-cruise-fethiye-marmaris-fethiye\/\" >Croisi\u00e8re bleue : Fethiye &#8211; Marmaris &#8211; Fethiye<\/a><\/h3><div class=\"special-heading-border\"><div class=\"special-heading-inner-border\"><\/div><\/div><\/div><br \/>\n<section  class='av_textblock_section av-bs6561-c17cabf3d89f8350e837f2abf9528a78 '   itemscope=\"itemscope\" itemtype=\"https:\/\/schema.org\/CreativeWork\" ><div class='avia_textblock'  itemprop=\"text\" ><p>Monter \u00e0 bord de Cheers et vous sentirez que vous commencez d\u00e9j\u00e0 \u00e0 vous d\u00e9tendre. Apr\u00e8s avoir pris possession de votre cabine vous pourrez profiter du pont en vous installant soit au bar pour commander un rafraichissement, soit sur l\u2019une des chaises longues pour vous relaxer. Respirez l&rsquo;air marin et profitez de la vue pendant que le bateau s\u2019\u00e9loigne progressivement du port de Fethiye. Ce soir nous dormirons dans la baie de A\u011f Limani.<\/p>\n<\/div><\/section><\/p><\/div>\n<style type=\"text\/css\" data-created_by=\"avia_inline_auto\" id=\"style-css-av-b6sgu1-a53617ef0ab8a0c8b7d1512b878ff0cb\">\n.flex_column.av-b6sgu1-a53617ef0ab8a0c8b7d1512b878ff0cb{\nborder-radius:0px 0px 0px 0px;\npadding:0px 0px 0px 0px;\n}\n<\/style>\n<div  class='flex_column av-b6sgu1-a53617ef0ab8a0c8b7d1512b878ff0cb av_one_half  avia-builder-el-15  el_after_av_one_half  el_before_av_one_half  first flex_column_div av-zero-column-padding  column-top-margin'     ><p>\n<style type=\"text\/css\" data-created_by=\"avia_inline_auto\" id=\"style-css-av-8yr5zd-5eb954a361094fd00c456a28cc5710ae\">\n#top .av-special-heading.av-8yr5zd-5eb954a361094fd00c456a28cc5710ae{\npadding-bottom:10px;\n}\nbody .av-special-heading.av-8yr5zd-5eb954a361094fd00c456a28cc5710ae .av-special-heading-tag .heading-char{\nfont-size:25px;\n}\n.av-special-heading.av-8yr5zd-5eb954a361094fd00c456a28cc5710ae .av-subheading{\nfont-size:15px;\n}\n<\/style>\n<div  class='av-special-heading av-8yr5zd-5eb954a361094fd00c456a28cc5710ae av-special-heading-h3 blockquote modern-quote  avia-builder-el-16  el_before_av_textblock  avia-builder-el-first  av-linked-heading'><h3 class='av-special-heading-tag '  itemprop=\"headline\"  ><a class=\"av-heading-link\" href=\"https:\/\/cheersyachting.com\/routes\/bluecruise-kas-kekova-kas\/\" >Croisi\u00e8re bleue : Ka\u015f &#8211; Kekova &#8211; Ka\u015f<\/a><\/h3><div class=\"special-heading-border\"><div class=\"special-heading-inner-border\"><\/div><\/div><\/div><br \/>\n<section  class='av_textblock_section av-7c2961-fbff91939d2976a33e0c636c759a4952 '   itemscope=\"itemscope\" itemtype=\"https:\/\/schema.org\/CreativeWork\" ><div class='avia_textblock'  itemprop=\"text\" ><p>Nous vous accueillerons pour l\u2019embarquement \u00e0 bord dans le port de Ka\u015f. Nous l\u00e8verons l\u2019ancre \u00e0 16 heures et nous commencerons notre croisi\u00e8re par la baie d\u2019Hidayet o\u00f9 nous passerons la nuit. La baie d\u2019Hidayet est un bel endroit pour les adeptes du snorkeling. Avec juste un masque et un tuba vous pourrez appr\u00e9cier la richesse des fonds marins de cette baie. Un tank militaire a \u00e9t\u00e9 immerg\u00e9 \u00e0 13 m de profondeur pour servir de r\u00e9cif artificiel. Dans cette r\u00e9serve marine, les eaux sont limpides et le r\u00e9servoir peut \u00eatre facilement vu de la surface.<\/p>\n<\/div><\/section><\/p><\/div>\n<style type=\"text\/css\" data-created_by=\"avia_inline_auto\" id=\"style-css-av-5t8ns9-3f1627a711e120be7d06fe8a219a636c\">\n.flex_column.av-5t8ns9-3f1627a711e120be7d06fe8a219a636c{\nborder-radius:0px 0px 0px 0px;\npadding:0px 0px 0px 0px;\n}\n<\/style>\n<div  class='flex_column av-5t8ns9-3f1627a711e120be7d06fe8a219a636c av_one_half  avia-builder-el-18  el_after_av_one_half  el_before_av_one_half  flex_column_div av-zero-column-padding  column-top-margin'     ><p>\n<style type=\"text\/css\" data-created_by=\"avia_inline_auto\" id=\"style-css-av-49vcix-3884eba8d0cd8a671b4f1a67546a74dc\">\n#top .av-special-heading.av-49vcix-3884eba8d0cd8a671b4f1a67546a74dc{\npadding-bottom:10px;\n}\nbody .av-special-heading.av-49vcix-3884eba8d0cd8a671b4f1a67546a74dc .av-special-heading-tag .heading-char{\nfont-size:25px;\n}\n.av-special-heading.av-49vcix-3884eba8d0cd8a671b4f1a67546a74dc .av-subheading{\nfont-size:15px;\n}\n<\/style>\n<div  class='av-special-heading av-49vcix-3884eba8d0cd8a671b4f1a67546a74dc av-special-heading-h3 blockquote modern-quote  avia-builder-el-19  el_before_av_textblock  avia-builder-el-first  av-linked-heading'><h3 class='av-special-heading-tag '  itemprop=\"headline\"  ><a class=\"av-heading-link\" href=\"https:\/\/cheersyachting.com\/routes\/lycian-cruise\/\" >Croisi\u00e8re sur la c\u00f4te Lycienne<\/a><\/h3><div class=\"special-heading-border\"><div class=\"special-heading-inner-border\"><\/div><\/div><\/div><br \/>\n<section  class='av_textblock_section av-6xs55-82987760fbf4418f55e2f514385aa396 '   itemscope=\"itemscope\" itemtype=\"https:\/\/schema.org\/CreativeWork\" ><div class='avia_textblock'  itemprop=\"text\" ><p>Nous vous accueillerons \u00e0 bord de Cheers au port de Fethiye \u00e0 16h00. D\u00e8s que l\u2019embarquement sera termin\u00e9, nous commencerons notre croisi\u00e8re avec une premi\u00e8re escale dans la baie Boncuklu. Sur place vous pourrez vous baigner ou profiter d\u2019un moment de d\u00e9tente sur le pont pendant que nous pr\u00e9parerons le d\u00eener. Nous passerons notre premi\u00e8re nuit dans la baie de Boncuklu.<\/p>\n<\/div><\/section><\/p><\/div>\n<style type=\"text\/css\" data-created_by=\"avia_inline_auto\" id=\"style-css-av-5yampl-53ecc9c20f355aa7913e950b584b2959\">\n.flex_column.av-5yampl-53ecc9c20f355aa7913e950b584b2959{\nborder-radius:0px 0px 0px 0px;\npadding:0px 0px 0px 0px;\n}\n<\/style>\n<div  class='flex_column av-5yampl-53ecc9c20f355aa7913e950b584b2959 av_one_half  avia-builder-el-21  el_after_av_one_half  avia-builder-el-last  first flex_column_div av-zero-column-padding  column-top-margin'     ><p>\n<style type=\"text\/css\" data-created_by=\"avia_inline_auto\" id=\"style-css-av-3lfafd-df7fefc0d39f2f23735b90fe5f2bfd99\">\n#top .av-special-heading.av-3lfafd-df7fefc0d39f2f23735b90fe5f2bfd99{\npadding-bottom:10px;\n}\nbody .av-special-heading.av-3lfafd-df7fefc0d39f2f23735b90fe5f2bfd99 .av-special-heading-tag .heading-char{\nfont-size:25px;\n}\n.av-special-heading.av-3lfafd-df7fefc0d39f2f23735b90fe5f2bfd99 .av-subheading{\nfont-size:15px;\n}\n<\/style>\n<div  class='av-special-heading av-3lfafd-df7fefc0d39f2f23735b90fe5f2bfd99 av-special-heading-h3 blockquote modern-quote  avia-builder-el-22  el_before_av_textblock  avia-builder-el-first  av-linked-heading'><h3 class='av-special-heading-tag '  itemprop=\"headline\"  ><a class=\"av-heading-link\" href=\"https:\/\/cheersyachting.com\/routes\/blue-cruise-fethiye-gocek-kekova\/\" >Croisi\u00e8re bleue : Fethiye \u2013 G\u00f6cek \u2013 Kekova<\/a><\/h3><div class=\"special-heading-border\"><div class=\"special-heading-inner-border\"><\/div><\/div><\/div><br \/>\n<section  class='av_textblock_section av-1xpxvt-c91f652e28b2a38786b77abf593eefed '   itemscope=\"itemscope\" itemtype=\"https:\/\/schema.org\/CreativeWork\" ><div class='avia_textblock'  itemprop=\"text\" ><p>Nous vous retrouverons au port de Fethiye \u00e0 16h00 pour vous accueillir \u00e0 bord. L\u2019embarquement termin\u00e9, nous quitterons l\u2019agitation de Fethiye et naviguerons vers la baie de G\u00f6cek Yassicala. Installez-vous confortablement sur l\u2019une des terrasses du bateau et profitez des magnifiques paysages que nous traverserons: les vacances commencent. Dans la baie de G\u00f6cek Yassicalar vous pourrez vous baigner pendant que nous pr\u00e9parerons le premier d\u00eener \u00e0 bord.<\/p>\n<\/div><\/section><\/p><\/div>\n","protected":false},"excerpt":{"rendered":"","protected":false},"author":1,"featured_media":0,"parent":0,"menu_order":0,"comment_status":"closed","ping_status":"closed","template":"","meta":{"footnotes":""},"class_list":["post-3850","page","type-page","status-publish","hentry"],"yoast_head":"<!-- This site is optimized with the Yoast SEO plugin v26.7 - https:\/\/yoast.com\/wordpress\/plugins\/seo\/ -->\n<title>Croisi\u00e8re d\u2019une semaine - Cheers Yachting<\/title>\n<meta name=\"robots\" content=\"index, follow, max-snippet:-1, max-image-preview:large, max-video-preview:-1\" \/>\n<link rel=\"canonical\" href=\"https:\/\/cheersyachting.com\/fr\/croisiere-dune-semaine\/\" \/>\n<meta property=\"og:locale\" content=\"fr_FR\" \/>\n<meta property=\"og:type\" content=\"article\" \/>\n<meta property=\"og:title\" content=\"Croisi\u00e8re d\u2019une semaine - Cheers Yachting\" \/>\n<meta property=\"og:url\" content=\"https:\/\/cheersyachting.com\/fr\/croisiere-dune-semaine\/\" \/>\n<meta property=\"og:site_name\" content=\"Cheers Yachting\" \/>\n<meta property=\"article:publisher\" content=\"https:\/\/www.facebook.com\/cheersyachting\/\" \/>\n<meta property=\"og:image\" content=\"https:\/\/cheersyachting.com\/wp-content\/uploads\/Cheers-Yachting-Logo.jpg\" \/>\n\t<meta property=\"og:image:width\" content=\"839\" \/>\n\t<meta property=\"og:image:height\" content=\"353\" \/>\n\t<meta property=\"og:image:type\" content=\"image\/jpeg\" \/>\n<meta name=\"twitter:card\" content=\"summary_large_image\" \/>\n<meta name=\"twitter:label1\" content=\"Dur\u00e9e de lecture estim\u00e9e\" \/>\n\t<meta name=\"twitter:data1\" content=\"13 minutes\" \/>\n<script type=\"application\/ld+json\" class=\"yoast-schema-graph\">{\"@context\":\"https:\/\/schema.org\",\"@graph\":[{\"@type\":\"WebPage\",\"@id\":\"https:\/\/cheersyachting.com\/fr\/croisiere-dune-semaine\/\",\"url\":\"https:\/\/cheersyachting.com\/fr\/croisiere-dune-semaine\/\",\"name\":\"Croisi\u00e8re d\u2019une semaine - Cheers Yachting\",\"isPartOf\":{\"@id\":\"https:\/\/cheersyachting.com\/fr\/#website\"},\"datePublished\":\"2021-12-29T16:00:36+00:00\",\"breadcrumb\":{\"@id\":\"https:\/\/cheersyachting.com\/fr\/croisiere-dune-semaine\/#breadcrumb\"},\"inLanguage\":\"fr-FR\",\"potentialAction\":[{\"@type\":\"ReadAction\",\"target\":[\"https:\/\/cheersyachting.com\/fr\/croisiere-dune-semaine\/\"]}]},{\"@type\":\"BreadcrumbList\",\"@id\":\"https:\/\/cheersyachting.com\/fr\/croisiere-dune-semaine\/#breadcrumb\",\"itemListElement\":[{\"@type\":\"ListItem\",\"position\":1,\"name\":\"Ana sayfa\",\"item\":\"https:\/\/cheersyachting.com\/fr\/\"},{\"@type\":\"ListItem\",\"position\":2,\"name\":\"Croisi\u00e8re d\u2019une semaine\"}]},{\"@type\":\"WebSite\",\"@id\":\"https:\/\/cheersyachting.com\/fr\/#website\",\"url\":\"https:\/\/cheersyachting.com\/fr\/\",\"name\":\"Cheers Yachting\",\"description\":\"Cheers Yacht Charter\",\"potentialAction\":[{\"@type\":\"SearchAction\",\"target\":{\"@type\":\"EntryPoint\",\"urlTemplate\":\"https:\/\/cheersyachting.com\/fr\/?s={search_term_string}\"},\"query-input\":{\"@type\":\"PropertyValueSpecification\",\"valueRequired\":true,\"valueName\":\"search_term_string\"}}],\"inLanguage\":\"fr-FR\"}]}<\/script>\n<!-- \/ Yoast SEO plugin. -->","yoast_head_json":{"title":"Croisi\u00e8re d\u2019une semaine - Cheers Yachting","robots":{"index":"index","follow":"follow","max-snippet":"max-snippet:-1","max-image-preview":"max-image-preview:large","max-video-preview":"max-video-preview:-1"},"canonical":"https:\/\/cheersyachting.com\/fr\/croisiere-dune-semaine\/","og_locale":"fr_FR","og_type":"article","og_title":"Croisi\u00e8re d\u2019une semaine - Cheers Yachting","og_url":"https:\/\/cheersyachting.com\/fr\/croisiere-dune-semaine\/","og_site_name":"Cheers Yachting","article_publisher":"https:\/\/www.facebook.com\/cheersyachting\/","og_image":[{"width":839,"height":353,"url":"https:\/\/cheersyachting.com\/wp-content\/uploads\/Cheers-Yachting-Logo.jpg","type":"image\/jpeg"}],"twitter_card":"summary_large_image","twitter_misc":{"Dur\u00e9e de lecture estim\u00e9e":"13 minutes"},"schema":{"@context":"https:\/\/schema.org","@graph":[{"@type":"WebPage","@id":"https:\/\/cheersyachting.com\/fr\/croisiere-dune-semaine\/","url":"https:\/\/cheersyachting.com\/fr\/croisiere-dune-semaine\/","name":"Croisi\u00e8re d\u2019une semaine - Cheers Yachting","isPartOf":{"@id":"https:\/\/cheersyachting.com\/fr\/#website"},"datePublished":"2021-12-29T16:00:36+00:00","breadcrumb":{"@id":"https:\/\/cheersyachting.com\/fr\/croisiere-dune-semaine\/#breadcrumb"},"inLanguage":"fr-FR","potentialAction":[{"@type":"ReadAction","target":["https:\/\/cheersyachting.com\/fr\/croisiere-dune-semaine\/"]}]},{"@type":"BreadcrumbList","@id":"https:\/\/cheersyachting.com\/fr\/croisiere-dune-semaine\/#breadcrumb","itemListElement":[{"@type":"ListItem","position":1,"name":"Ana sayfa","item":"https:\/\/cheersyachting.com\/fr\/"},{"@type":"ListItem","position":2,"name":"Croisi\u00e8re d\u2019une semaine"}]},{"@type":"WebSite","@id":"https:\/\/cheersyachting.com\/fr\/#website","url":"https:\/\/cheersyachting.com\/fr\/","name":"Cheers Yachting","description":"Cheers Yacht Charter","potentialAction":[{"@type":"SearchAction","target":{"@type":"EntryPoint","urlTemplate":"https:\/\/cheersyachting.com\/fr\/?s={search_term_string}"},"query-input":{"@type":"PropertyValueSpecification","valueRequired":true,"valueName":"search_term_string"}}],"inLanguage":"fr-FR"}]}},"_links":{"self":[{"href":"https:\/\/cheersyachting.com\/fr\/wp-json\/wp\/v2\/pages\/3850","targetHints":{"allow":["GET"]}}],"collection":[{"href":"https:\/\/cheersyachting.com\/fr\/wp-json\/wp\/v2\/pages"}],"about":[{"href":"https:\/\/cheersyachting.com\/fr\/wp-json\/wp\/v2\/types\/page"}],"author":[{"embeddable":true,"href":"https:\/\/cheersyachting.com\/fr\/wp-json\/wp\/v2\/users\/1"}],"replies":[{"embeddable":true,"href":"https:\/\/cheersyachting.com\/fr\/wp-json\/wp\/v2\/comments?post=3850"}],"version-history":[{"count":2,"href":"https:\/\/cheersyachting.com\/fr\/wp-json\/wp\/v2\/pages\/3850\/revisions"}],"predecessor-version":[{"id":3852,"href":"https:\/\/cheersyachting.com\/fr\/wp-json\/wp\/v2\/pages\/3850\/revisions\/3852"}],"wp:attachment":[{"href":"https:\/\/cheersyachting.com\/fr\/wp-json\/wp\/v2\/media?parent=3850"}],"curies":[{"name":"wp","href":"https:\/\/api.w.org\/{rel}","templated":true}]}}