{"id":2991,"date":"2019-10-14T15:49:36","date_gmt":"2019-10-14T12:49:36","guid":{"rendered":"https:\/\/cheersyachting.com\/a-propos-de-cheers\/"},"modified":"2020-03-10T16:14:46","modified_gmt":"2020-03-10T13:14:46","slug":"a-propos-de-cheers","status":"publish","type":"page","link":"https:\/\/cheersyachting.com\/fr\/a-propos-de-cheers\/","title":{"rendered":"\u00c0 propos de Cheers"},"content":{"rendered":"\n<style type=\"text\/css\" data-created_by=\"avia_inline_auto\" id=\"style-css-av-k3j0pp9p-68fce2a93b2e2520fb32450bf609c4aa\">\n.av-horizontal-gallery.av-k3j0pp9p-68fce2a93b2e2520fb32450bf609c4aa .av-horizontal-gallery-inner{\npadding-bottom:25%;\n}\n<\/style>\n<div  class='av-horizontal-gallery av-k3j0pp9p-68fce2a93b2e2520fb32450bf609c4aa av-horizontal-gallery-1px-gap av-horizontal-gallery--effect  avia-builder-el-0  el_before_av_heading  avia-builder-el-first  av-slideshow-ui av-control-default av-slideshow-manual av-loop-once av-loop-manual-endless av-horizontal-gallery-1' data-slideshow-data=\"{&quot;animation&quot;:&quot;slide&quot;,&quot;autoplay&quot;:false,&quot;loop_autoplay&quot;:&quot;once&quot;,&quot;interval&quot;:5,&quot;loop_manual&quot;:&quot;manual-endless&quot;,&quot;autoplay_stopper&quot;:false,&quot;noNavigation&quot;:false,&quot;bg_slider&quot;:false,&quot;keep_padding&quot;:&quot;&quot;,&quot;hoverpause&quot;:false,&quot;show_slide_delay&quot;:0}\"  itemprop=\"image\" itemscope=\"itemscope\" itemtype=\"https:\/\/schema.org\/ImageObject\" ><div class='avia-slideshow-arrows avia-slideshow-controls' ><a href='#prev' class='prev-slide av-horizontal-gallery-prev' aria-hidden='true' data-av_icon='\ue87c' data-av_iconfont='entypo-fontello'  tabindex='-1'>Pr\u00e9c\u00e9dent<\/a><a href='#next' class='next-slide av-horizontal-gallery-next' aria-hidden='true' data-av_icon='\ue87d' data-av_iconfont='entypo-fontello'  tabindex='-1'>Suivant<\/a><\/div><div class='avia-slideshow-dots avia-slideshow-controls av-horizontal-gallery-dots fade-in'><a href='#1' class='goto-slide active' >1<\/a><a href='#2' class='goto-slide ' >2<\/a><a href='#3' class='goto-slide ' >3<\/a><a href='#4' class='goto-slide ' >4<\/a><a href='#5' class='goto-slide ' >5<\/a><\/div><div class='av-horizontal-gallery-inner' data-av-height='25'><div class=\"av-horizontal-gallery-slider\"><div class=\"av-horizontal-gallery-wrap noHover\"><img decoding=\"async\" loading=\"lazy\" class='wp-image-3303 avia-img-lazy-loading-3303 av-horizontal-gallery-img' width=\"1030\" height=\"579\" src=\"https:\/\/cheersyachting.com\/wp-content\/uploads\/DJI_0893-1030x579.jpg\" title='created by dji camera' alt='Gulet Cheers' srcset=\"https:\/\/cheersyachting.com\/wp-content\/uploads\/DJI_0893-1030x579.jpg 1030w, https:\/\/cheersyachting.com\/wp-content\/uploads\/DJI_0893-340x191.jpg 340w, https:\/\/cheersyachting.com\/wp-content\/uploads\/DJI_0893-768x432.jpg 768w, https:\/\/cheersyachting.com\/wp-content\/uploads\/DJI_0893-1536x863.jpg 1536w, https:\/\/cheersyachting.com\/wp-content\/uploads\/DJI_0893-2048x1151.jpg 2048w, https:\/\/cheersyachting.com\/wp-content\/uploads\/DJI_0893-1500x843.jpg 1500w, https:\/\/cheersyachting.com\/wp-content\/uploads\/DJI_0893-705x396.jpg 705w\" sizes=\"auto, (max-width: 1030px) 100vw, 1030px\" \/><\/div><div class=\"av-horizontal-gallery-wrap noHover\"><img decoding=\"async\" loading=\"lazy\" class='wp-image-2790 avia-img-lazy-loading-2790 av-horizontal-gallery-img' width=\"1030\" height=\"773\" src=\"https:\/\/cheersyachting.com\/wp-content\/uploads\/IMG_1209-1030x773.jpg\" title='G\u00f6cek,Cheers Yachting' alt='' srcset=\"https:\/\/cheersyachting.com\/wp-content\/uploads\/IMG_1209-1030x773.jpg 1030w, https:\/\/cheersyachting.com\/wp-content\/uploads\/IMG_1209-340x255.jpg 340w, https:\/\/cheersyachting.com\/wp-content\/uploads\/IMG_1209-768x576.jpg 768w, https:\/\/cheersyachting.com\/wp-content\/uploads\/IMG_1209-1500x1125.jpg 1500w, https:\/\/cheersyachting.com\/wp-content\/uploads\/IMG_1209-705x529.jpg 705w, https:\/\/cheersyachting.com\/wp-content\/uploads\/IMG_1209-450x338.jpg 450w, https:\/\/cheersyachting.com\/wp-content\/uploads\/IMG_1209.jpg 1600w\" sizes=\"auto, (max-width: 1030px) 100vw, 1030px\" \/><\/div><div class=\"av-horizontal-gallery-wrap noHover\"><img decoding=\"async\" loading=\"lazy\" class='wp-image-3003 avia-img-lazy-loading-3003 av-horizontal-gallery-img' width=\"1030\" height=\"686\" src=\"https:\/\/cheersyachting.com\/wp-content\/uploads\/CHN_8474-1-1030x686.jpg\" title='Cheers Yachting,Breakfast' alt='' srcset=\"https:\/\/cheersyachting.com\/wp-content\/uploads\/CHN_8474-1-1030x686.jpg 1030w, https:\/\/cheersyachting.com\/wp-content\/uploads\/CHN_8474-1-340x226.jpg 340w, https:\/\/cheersyachting.com\/wp-content\/uploads\/CHN_8474-1-768x511.jpg 768w, https:\/\/cheersyachting.com\/wp-content\/uploads\/CHN_8474-1-1500x998.jpg 1500w, https:\/\/cheersyachting.com\/wp-content\/uploads\/CHN_8474-1-705x469.jpg 705w, https:\/\/cheersyachting.com\/wp-content\/uploads\/CHN_8474-1-450x300.jpg 450w\" sizes=\"auto, (max-width: 1030px) 100vw, 1030px\" \/><\/div><div class=\"av-horizontal-gallery-wrap noHover\"><img decoding=\"async\" loading=\"lazy\" class='wp-image-2804 avia-img-lazy-loading-2804 av-horizontal-gallery-img' width=\"1030\" height=\"687\" src=\"https:\/\/cheersyachting.com\/wp-content\/uploads\/IMG_2707-1-1030x687.jpg\" title='Bluecruise,Cheers Gulet,' alt='' srcset=\"https:\/\/cheersyachting.com\/wp-content\/uploads\/IMG_2707-1-1030x687.jpg 1030w, https:\/\/cheersyachting.com\/wp-content\/uploads\/IMG_2707-1-340x227.jpg 340w, https:\/\/cheersyachting.com\/wp-content\/uploads\/IMG_2707-1-768x513.jpg 768w, https:\/\/cheersyachting.com\/wp-content\/uploads\/IMG_2707-1-1500x1001.jpg 1500w, https:\/\/cheersyachting.com\/wp-content\/uploads\/IMG_2707-1-705x471.jpg 705w, https:\/\/cheersyachting.com\/wp-content\/uploads\/IMG_2707-1-450x300.jpg 450w\" sizes=\"auto, (max-width: 1030px) 100vw, 1030px\" \/><\/div><div class=\"av-horizontal-gallery-wrap noHover\"><img decoding=\"async\" loading=\"lazy\" class='wp-image-3050 avia-img-lazy-loading-3050 av-horizontal-gallery-img' width=\"1030\" height=\"686\" src=\"https:\/\/cheersyachting.com\/wp-content\/uploads\/CHN_9819-1030x686.jpg\" title='Bluecruise.Cheersyachting' alt='' srcset=\"https:\/\/cheersyachting.com\/wp-content\/uploads\/CHN_9819-1030x686.jpg 1030w, https:\/\/cheersyachting.com\/wp-content\/uploads\/CHN_9819-340x226.jpg 340w, https:\/\/cheersyachting.com\/wp-content\/uploads\/CHN_9819-768x511.jpg 768w, https:\/\/cheersyachting.com\/wp-content\/uploads\/CHN_9819-1500x998.jpg 1500w, https:\/\/cheersyachting.com\/wp-content\/uploads\/CHN_9819-705x469.jpg 705w, https:\/\/cheersyachting.com\/wp-content\/uploads\/CHN_9819-450x300.jpg 450w\" sizes=\"auto, (max-width: 1030px) 100vw, 1030px\" \/><\/div><\/div><\/div><\/div>\n\n<style type=\"text\/css\" data-created_by=\"avia_inline_auto\" id=\"style-css-av-9ohm3-ff004c8ddb8bbe2ecfa55f1b7bddcd0e\">\n#top .av-special-heading.av-9ohm3-ff004c8ddb8bbe2ecfa55f1b7bddcd0e{\npadding-bottom:10px;\ncolor:#000000;\n}\nbody .av-special-heading.av-9ohm3-ff004c8ddb8bbe2ecfa55f1b7bddcd0e .av-special-heading-tag .heading-char{\nfont-size:25px;\n}\n.av-special-heading.av-9ohm3-ff004c8ddb8bbe2ecfa55f1b7bddcd0e .special-heading-inner-border{\nborder-color:#000000;\n}\n.av-special-heading.av-9ohm3-ff004c8ddb8bbe2ecfa55f1b7bddcd0e .av-subheading{\nfont-size:15px;\n}\n<\/style>\n<div  class='av-special-heading av-9ohm3-ff004c8ddb8bbe2ecfa55f1b7bddcd0e av-special-heading-h1 custom-color-heading blockquote modern-quote  avia-builder-el-1  el_after_av_horizontal_gallery  el_before_av_one_half  avia-builder-el-first '><h1 class='av-special-heading-tag '  itemprop=\"headline\"  >\u00c0 propos de Cheers<\/h1><div class=\"special-heading-border\"><div class=\"special-heading-inner-border\"><\/div><\/div><\/div>\n\n<style type=\"text\/css\" data-created_by=\"avia_inline_auto\" id=\"style-css-av-h74o3-9e06d00ca2fa8d354138aca817c700c5\">\n.flex_column.av-h74o3-9e06d00ca2fa8d354138aca817c700c5{\nborder-radius:0px 0px 0px 0px;\npadding:0px 0px 0px 0px;\n}\n<\/style>\n<div  class='flex_column av-h74o3-9e06d00ca2fa8d354138aca817c700c5 av_one_half  avia-builder-el-2  el_after_av_heading  el_before_av_one_half  first flex_column_div av-zero-column-padding  '     ><section  class='av_textblock_section av-jpvicdoo-6dc285f01b51a0d8966a15f4418c0eac '   itemscope=\"itemscope\" itemtype=\"https:\/\/schema.org\/CreativeWork\" ><div class='avia_textblock'  itemprop=\"text\" ><p>Cheers Yachting est une go\u00e9lette traditionnelle en bois de deux mats et mesure 24 m\u00e8tres de long. Ce navire traditionnel des c\u00f4tes du sud-ouest de la Turquie effectue des croisi\u00e8res priv\u00e9es \u00e0 partir de Fethiye. Ces croisi\u00e8res sont tr\u00e8s souvent surnomm\u00e9es les \u00ab croisi\u00e8res bleues \u00bb en raison de la couleur des eaux de cette r\u00e9gion. Vous aurez \u00e9galement la chance d\u2019apercevoir certaines cr\u00e9atures marines. Beaucoup de nos croisi\u00e8res suivent la c\u00e9l\u00e8bre voie lycienne. Si vous aimez randonner, nous pouvons pr\u00e9voir lors de votre s\u00e9jour de faire une partie de ce trek ; pr\u00e9venez-nous juste lors de la r\u00e9servation.<\/p>\n<p>Nous nous arr\u00eaterons dans de nombreuses baies isol\u00e9es et vous pourrez en profiter pour nager, vous d\u00e9tendre et admirer des paysages \u00e0 couper le souffle. De plus, lors de notre croisi\u00e8re nous ferons plusieurs stops pour visiter certains sites touristiques historiques tel que par exemple l&rsquo;\u00eele de Saint-Nicolas, Kale et le ch\u00e2teau de Simena, tous datant des 4\u00e8mes et 5\u00e8mes si\u00e8cles avant J\u00e9sus-Christ.<\/p>\n<p>Vous aurez le choix parmi divers itin\u00e9raires que nous avons construit, ou planifier votre propre itin\u00e9raire personnalis\u00e9.<\/p>\n<p>Contactez-nous pour r\u00e9server une croisi\u00e8re priv\u00e9e pour vous, votre famille et vos amis. Notre bateau se privatise \u00e9galement pour divers \u00e9v\u00e8nements : des anniversaires, des camps de yoga ou autres seminaires. Nos croisi\u00e8res sont \u00e9galement parfaites pour les plongeurs libres qui souhaitent explorer les fonds marins de la c\u00f4te sud-ouest de la Turquie.<\/p>\n<\/div><\/section><\/div>\n\n<style type=\"text\/css\" data-created_by=\"avia_inline_auto\" id=\"style-css-av-9xaqr-35a99e9d9fd1570db9c9160d3e181eaa\">\n.flex_column.av-9xaqr-35a99e9d9fd1570db9c9160d3e181eaa{\nborder-radius:0px 0px 0px 0px;\npadding:0px 0px 0px 0px;\n}\n<\/style>\n<div  class='flex_column av-9xaqr-35a99e9d9fd1570db9c9160d3e181eaa av_one_half  avia-builder-el-4  el_after_av_one_half  avia-builder-el-last  flex_column_div av-zero-column-padding  '     ><\/div>\n","protected":false},"excerpt":{"rendered":"","protected":false},"author":1,"featured_media":0,"parent":0,"menu_order":0,"comment_status":"closed","ping_status":"closed","template":"","meta":{"footnotes":""},"class_list":["post-2991","page","type-page","status-publish","hentry"],"yoast_head":"<!-- This site is optimized with the Yoast SEO plugin v26.7 - https:\/\/yoast.com\/wordpress\/plugins\/seo\/ -->\n<title>\u00c0 propos de Cheers - Cheers Yachting<\/title>\n<meta name=\"robots\" content=\"index, follow, max-snippet:-1, max-image-preview:large, max-video-preview:-1\" \/>\n<link rel=\"canonical\" href=\"https:\/\/cheersyachting.com\/fr\/a-propos-de-cheers\/\" \/>\n<meta property=\"og:locale\" content=\"fr_FR\" \/>\n<meta property=\"og:type\" content=\"article\" \/>\n<meta property=\"og:title\" content=\"\u00c0 propos de Cheers - Cheers Yachting\" \/>\n<meta property=\"og:url\" content=\"https:\/\/cheersyachting.com\/fr\/a-propos-de-cheers\/\" \/>\n<meta property=\"og:site_name\" content=\"Cheers Yachting\" \/>\n<meta property=\"article:publisher\" content=\"https:\/\/www.facebook.com\/cheersyachting\/\" \/>\n<meta property=\"article:modified_time\" content=\"2020-03-10T13:14:46+00:00\" \/>\n<meta property=\"og:image\" content=\"https:\/\/www.tripadvisor.com.tr\/img\/cdsi\/img2\/branding\/150_logo-11900-2.png\" \/>\n<meta name=\"twitter:card\" content=\"summary_large_image\" \/>\n<meta name=\"twitter:label1\" content=\"Dur\u00e9e de lecture estim\u00e9e\" \/>\n\t<meta name=\"twitter:data1\" content=\"3 minutes\" \/>\n<script type=\"application\/ld+json\" class=\"yoast-schema-graph\">{\"@context\":\"https:\/\/schema.org\",\"@graph\":[{\"@type\":\"WebPage\",\"@id\":\"https:\/\/cheersyachting.com\/fr\/a-propos-de-cheers\/\",\"url\":\"https:\/\/cheersyachting.com\/fr\/a-propos-de-cheers\/\",\"name\":\"\u00c0 propos de Cheers - Cheers Yachting\",\"isPartOf\":{\"@id\":\"https:\/\/cheersyachting.com\/fr\/#website\"},\"primaryImageOfPage\":{\"@id\":\"https:\/\/cheersyachting.com\/fr\/a-propos-de-cheers\/#primaryimage\"},\"image\":{\"@id\":\"https:\/\/cheersyachting.com\/fr\/a-propos-de-cheers\/#primaryimage\"},\"thumbnailUrl\":\"https:\/\/www.tripadvisor.com.tr\/img\/cdsi\/img2\/branding\/150_logo-11900-2.png\",\"datePublished\":\"2019-10-14T12:49:36+00:00\",\"dateModified\":\"2020-03-10T13:14:46+00:00\",\"breadcrumb\":{\"@id\":\"https:\/\/cheersyachting.com\/fr\/a-propos-de-cheers\/#breadcrumb\"},\"inLanguage\":\"fr-FR\",\"potentialAction\":[{\"@type\":\"ReadAction\",\"target\":[\"https:\/\/cheersyachting.com\/fr\/a-propos-de-cheers\/\"]}]},{\"@type\":\"ImageObject\",\"inLanguage\":\"fr-FR\",\"@id\":\"https:\/\/cheersyachting.com\/fr\/a-propos-de-cheers\/#primaryimage\",\"url\":\"https:\/\/www.tripadvisor.com.tr\/img\/cdsi\/img2\/branding\/150_logo-11900-2.png\",\"contentUrl\":\"https:\/\/www.tripadvisor.com.tr\/img\/cdsi\/img2\/branding\/150_logo-11900-2.png\"},{\"@type\":\"BreadcrumbList\",\"@id\":\"https:\/\/cheersyachting.com\/fr\/a-propos-de-cheers\/#breadcrumb\",\"itemListElement\":[{\"@type\":\"ListItem\",\"position\":1,\"name\":\"Ana sayfa\",\"item\":\"https:\/\/cheersyachting.com\/fr\/\"},{\"@type\":\"ListItem\",\"position\":2,\"name\":\"\u00c0 propos de Cheers\"}]},{\"@type\":\"WebSite\",\"@id\":\"https:\/\/cheersyachting.com\/fr\/#website\",\"url\":\"https:\/\/cheersyachting.com\/fr\/\",\"name\":\"Cheers Yachting\",\"description\":\"Cheers Yacht Charter\",\"potentialAction\":[{\"@type\":\"SearchAction\",\"target\":{\"@type\":\"EntryPoint\",\"urlTemplate\":\"https:\/\/cheersyachting.com\/fr\/?s={search_term_string}\"},\"query-input\":{\"@type\":\"PropertyValueSpecification\",\"valueRequired\":true,\"valueName\":\"search_term_string\"}}],\"inLanguage\":\"fr-FR\"}]}<\/script>\n<!-- \/ Yoast SEO plugin. -->","yoast_head_json":{"title":"\u00c0 propos de Cheers - Cheers Yachting","robots":{"index":"index","follow":"follow","max-snippet":"max-snippet:-1","max-image-preview":"max-image-preview:large","max-video-preview":"max-video-preview:-1"},"canonical":"https:\/\/cheersyachting.com\/fr\/a-propos-de-cheers\/","og_locale":"fr_FR","og_type":"article","og_title":"\u00c0 propos de Cheers - Cheers Yachting","og_url":"https:\/\/cheersyachting.com\/fr\/a-propos-de-cheers\/","og_site_name":"Cheers Yachting","article_publisher":"https:\/\/www.facebook.com\/cheersyachting\/","article_modified_time":"2020-03-10T13:14:46+00:00","og_image":[{"url":"https:\/\/www.tripadvisor.com.tr\/img\/cdsi\/img2\/branding\/150_logo-11900-2.png","type":"","width":"","height":""}],"twitter_card":"summary_large_image","twitter_misc":{"Dur\u00e9e de lecture estim\u00e9e":"3 minutes"},"schema":{"@context":"https:\/\/schema.org","@graph":[{"@type":"WebPage","@id":"https:\/\/cheersyachting.com\/fr\/a-propos-de-cheers\/","url":"https:\/\/cheersyachting.com\/fr\/a-propos-de-cheers\/","name":"\u00c0 propos de Cheers - Cheers Yachting","isPartOf":{"@id":"https:\/\/cheersyachting.com\/fr\/#website"},"primaryImageOfPage":{"@id":"https:\/\/cheersyachting.com\/fr\/a-propos-de-cheers\/#primaryimage"},"image":{"@id":"https:\/\/cheersyachting.com\/fr\/a-propos-de-cheers\/#primaryimage"},"thumbnailUrl":"https:\/\/www.tripadvisor.com.tr\/img\/cdsi\/img2\/branding\/150_logo-11900-2.png","datePublished":"2019-10-14T12:49:36+00:00","dateModified":"2020-03-10T13:14:46+00:00","breadcrumb":{"@id":"https:\/\/cheersyachting.com\/fr\/a-propos-de-cheers\/#breadcrumb"},"inLanguage":"fr-FR","potentialAction":[{"@type":"ReadAction","target":["https:\/\/cheersyachting.com\/fr\/a-propos-de-cheers\/"]}]},{"@type":"ImageObject","inLanguage":"fr-FR","@id":"https:\/\/cheersyachting.com\/fr\/a-propos-de-cheers\/#primaryimage","url":"https:\/\/www.tripadvisor.com.tr\/img\/cdsi\/img2\/branding\/150_logo-11900-2.png","contentUrl":"https:\/\/www.tripadvisor.com.tr\/img\/cdsi\/img2\/branding\/150_logo-11900-2.png"},{"@type":"BreadcrumbList","@id":"https:\/\/cheersyachting.com\/fr\/a-propos-de-cheers\/#breadcrumb","itemListElement":[{"@type":"ListItem","position":1,"name":"Ana sayfa","item":"https:\/\/cheersyachting.com\/fr\/"},{"@type":"ListItem","position":2,"name":"\u00c0 propos de Cheers"}]},{"@type":"WebSite","@id":"https:\/\/cheersyachting.com\/fr\/#website","url":"https:\/\/cheersyachting.com\/fr\/","name":"Cheers Yachting","description":"Cheers Yacht Charter","potentialAction":[{"@type":"SearchAction","target":{"@type":"EntryPoint","urlTemplate":"https:\/\/cheersyachting.com\/fr\/?s={search_term_string}"},"query-input":{"@type":"PropertyValueSpecification","valueRequired":true,"valueName":"search_term_string"}}],"inLanguage":"fr-FR"}]}},"_links":{"self":[{"href":"https:\/\/cheersyachting.com\/fr\/wp-json\/wp\/v2\/pages\/2991","targetHints":{"allow":["GET"]}}],"collection":[{"href":"https:\/\/cheersyachting.com\/fr\/wp-json\/wp\/v2\/pages"}],"about":[{"href":"https:\/\/cheersyachting.com\/fr\/wp-json\/wp\/v2\/types\/page"}],"author":[{"embeddable":true,"href":"https:\/\/cheersyachting.com\/fr\/wp-json\/wp\/v2\/users\/1"}],"replies":[{"embeddable":true,"href":"https:\/\/cheersyachting.com\/fr\/wp-json\/wp\/v2\/comments?post=2991"}],"version-history":[{"count":12,"href":"https:\/\/cheersyachting.com\/fr\/wp-json\/wp\/v2\/pages\/2991\/revisions"}],"predecessor-version":[{"id":3388,"href":"https:\/\/cheersyachting.com\/fr\/wp-json\/wp\/v2\/pages\/2991\/revisions\/3388"}],"wp:attachment":[{"href":"https:\/\/cheersyachting.com\/fr\/wp-json\/wp\/v2\/media?parent=2991"}],"curies":[{"name":"wp","href":"https:\/\/api.w.org\/{rel}","templated":true}]}}