{"id":2837,"date":"2019-10-10T15:17:16","date_gmt":"2019-10-10T12:17:16","guid":{"rendered":"https:\/\/cheersyachting.com\/la-vie-a-bord\/"},"modified":"2020-11-28T21:02:56","modified_gmt":"2020-11-28T18:02:56","slug":"la-vie-a-bord","status":"publish","type":"page","link":"https:\/\/cheersyachting.com\/fr\/la-vie-a-bord\/","title":{"rendered":"La vie \u00e0 bord"},"content":{"rendered":"\n<style type=\"text\/css\" data-created_by=\"avia_inline_auto\" id=\"style-css-av-mndsp-bb30e018de92c368ca901774c749fe98\">\n#top .av-special-heading.av-mndsp-bb30e018de92c368ca901774c749fe98{\npadding-bottom:10px;\n}\nbody .av-special-heading.av-mndsp-bb30e018de92c368ca901774c749fe98 .av-special-heading-tag .heading-char{\nfont-size:25px;\n}\n.av-special-heading.av-mndsp-bb30e018de92c368ca901774c749fe98 .av-subheading{\nfont-size:15px;\n}\n<\/style>\n<div  class='av-special-heading av-mndsp-bb30e018de92c368ca901774c749fe98 av-special-heading-h1  avia-builder-el-0  el_before_av_codeblock  avia-builder-el-first  av-linked-heading'><h1 class='av-special-heading-tag '  itemprop=\"headline\"  >La vie \u00e0 bord<\/h1><div class=\"special-heading-border\"><div class=\"special-heading-inner-border\"><\/div><\/div><\/div>\n\n\n<style type=\"text\/css\" data-created_by=\"avia_inline_auto\" id=\"style-css-av-foag1-19fe3ba11a2bae467398519babf302ab\">\n#top .av-special-heading.av-foag1-19fe3ba11a2bae467398519babf302ab{\npadding-bottom:10px;\n}\nbody .av-special-heading.av-foag1-19fe3ba11a2bae467398519babf302ab .av-special-heading-tag .heading-char{\nfont-size:25px;\n}\n.av-special-heading.av-foag1-19fe3ba11a2bae467398519babf302ab .av-subheading{\nfont-size:15px;\n}\n<\/style>\n<div  class='av-special-heading av-foag1-19fe3ba11a2bae467398519babf302ab av-special-heading-h2 blockquote modern-quote  avia-builder-el-2  el_after_av_codeblock  el_before_av_textblock  av-linked-heading'><h2 class='av-special-heading-tag '  itemprop=\"headline\"  >\u00c0 bord<\/h2><div class=\"special-heading-border\"><div class=\"special-heading-inner-border\"><\/div><\/div><\/div>\n<section  class='av_textblock_section av-jq55tkt5-4d9ecccc22f5a20676a4b23bbdc42ea8 '   itemscope=\"itemscope\" itemtype=\"https:\/\/schema.org\/CreativeWork\" ><div class='avia_textblock'  itemprop=\"text\" ><p>Monter \u00e0 bord de Cheers et vous sentirez que vous commencez d\u00e9j\u00e0 \u00e0 vous d\u00e9tendre. Apr\u00e8s avoir pris possession de votre cabine vous pourrez profiter du pont en vous installant soit au bar pour commander un rafra\u00eechissement, soit sur l\u2019une des chaises longues pour vous relaxer. Respirez l&rsquo;air marin et profitez de la vue pendant que le bateau s\u2019\u00e9loigne progressivement du port de Fethiye.<\/p>\n<p>Durant la semaine, laissez l\u2019\u00e9quipage prendre soin de vous et vous pr\u00e9parer et servir les repas. Vous aurez la chance de go\u00fbter de d\u00e9licieuses sp\u00e9cialit\u00e9s de la cuisine turque. Les plats seront pr\u00e9par\u00e9s au jour le jour avec des ingr\u00e9dients d&rsquo;origine locale. Les petits d\u00e9jeuners, d\u00e9jeuners et d\u00eeners seront servis dans le coin repas. Du th\u00e9 et du caf\u00e9 seront \u00e9galement disponibles tout au long de la journ\u00e9e.<\/p>\n<p>Vous passerez votre temps \u00e0 naviguer le long de la c\u00f4te m\u00e9diterran\u00e9enne de la Turquie, ancrant dans des baies isol\u00e9es pour nager, explorer les alentours et passer des nuits tranquilles \u00e0 la belle \u00e9toile.<\/p>\n<p>Les vacances sont un pr\u00e9cieux moment. Afin de vous garantir les meilleures conditions, Ahmet et son \u00e9quipage suivront toujours les pr\u00e9visions m\u00e9t\u00e9orologiques car en mer les conditions peuvent changer rapidement. La mer est habituellement calme et le ciel ensoleill\u00e9 mais si la meteo venait \u00e0 se d\u00e9grader, Ahmet et son \u00e9quipage adapteront au mieux l\u2019itin\u00e9raire afin de garantir votre s\u00e9curit\u00e9 et votre confort \u00e0 bord.<\/p>\n<\/div><\/section>\n\n<style type=\"text\/css\" data-created_by=\"avia_inline_auto\" id=\"style-css-av-bi9zd-9fa6a9c42396c693e360f43558fd8519\">\n#top .av-special-heading.av-bi9zd-9fa6a9c42396c693e360f43558fd8519{\npadding-bottom:10px;\n}\nbody .av-special-heading.av-bi9zd-9fa6a9c42396c693e360f43558fd8519 .av-special-heading-tag .heading-char{\nfont-size:25px;\n}\n.av-special-heading.av-bi9zd-9fa6a9c42396c693e360f43558fd8519 .av-subheading{\nfont-size:15px;\n}\n<\/style>\n<div  class='av-special-heading av-bi9zd-9fa6a9c42396c693e360f43558fd8519 av-special-heading-h2 blockquote modern-quote  avia-builder-el-4  el_after_av_textblock  el_before_av_textblock  av-linked-heading'><h2 class='av-special-heading-tag '  itemprop=\"headline\"  >Que prendre avec soi <\/h2><div class=\"special-heading-border\"><div class=\"special-heading-inner-border\"><\/div><\/div><\/div>\n<section  class='av_textblock_section av-jqawy653-7adb9c141d3629c038c6996a9d9444ee '   itemscope=\"itemscope\" itemtype=\"https:\/\/schema.org\/CreativeWork\" ><div class='avia_textblock'  itemprop=\"text\" ><p>Attendez-vous \u00e0 passer vos journ\u00e9es sur le bateau en tenue de bain, short, t-shirt et pieds nus. Une paire de tong et une paire de basket peuvent \u00e9galement \u00eatre n\u00e9cessaire si vous souhaitez faire des petites randonn\u00e9es lors des escales.<\/p>\n<p>La plupart des gens pr\u00e9f\u00e8rent dormir sur le pont \u00e0 la belle \u00e9toile, alors n\u2019oubliez pas de prendre pyjama, les nuits peuvent \u00eatre fraiche !<\/p>\n<p>Les draps et serviettes de douche sont fournis, mais pensez \u00e0 apporter vos propres articles de toilette.<\/p>\n<\/div><\/section>\n","protected":false},"excerpt":{"rendered":"","protected":false},"author":1,"featured_media":0,"parent":0,"menu_order":0,"comment_status":"closed","ping_status":"closed","template":"","meta":{"footnotes":""},"class_list":["post-2837","page","type-page","status-publish","hentry"],"yoast_head":"<!-- This site is optimized with the Yoast SEO plugin v26.7 - https:\/\/yoast.com\/wordpress\/plugins\/seo\/ -->\n<title>La vie \u00e0 bord - Cheers Yachting<\/title>\n<meta name=\"robots\" content=\"index, follow, max-snippet:-1, max-image-preview:large, max-video-preview:-1\" \/>\n<link rel=\"canonical\" href=\"https:\/\/cheersyachting.com\/fr\/la-vie-a-bord\/\" \/>\n<meta property=\"og:locale\" content=\"fr_FR\" \/>\n<meta property=\"og:type\" content=\"article\" \/>\n<meta property=\"og:title\" content=\"La vie \u00e0 bord - Cheers Yachting\" \/>\n<meta property=\"og:url\" content=\"https:\/\/cheersyachting.com\/fr\/la-vie-a-bord\/\" \/>\n<meta property=\"og:site_name\" content=\"Cheers Yachting\" \/>\n<meta property=\"article:publisher\" content=\"https:\/\/www.facebook.com\/cheersyachting\/\" \/>\n<meta property=\"article:modified_time\" content=\"2020-11-28T18:02:56+00:00\" \/>\n<meta property=\"og:image\" content=\"https:\/\/cheersyachting.com\/wp-content\/uploads\/Cheers-Yachting-Logo.jpg\" \/>\n\t<meta property=\"og:image:width\" content=\"839\" \/>\n\t<meta property=\"og:image:height\" content=\"353\" \/>\n\t<meta property=\"og:image:type\" content=\"image\/jpeg\" \/>\n<meta name=\"twitter:card\" content=\"summary_large_image\" \/>\n<meta name=\"twitter:label1\" content=\"Dur\u00e9e de lecture estim\u00e9e\" \/>\n\t<meta name=\"twitter:data1\" content=\"4 minutes\" \/>\n<script type=\"application\/ld+json\" class=\"yoast-schema-graph\">{\"@context\":\"https:\/\/schema.org\",\"@graph\":[{\"@type\":\"WebPage\",\"@id\":\"https:\/\/cheersyachting.com\/fr\/la-vie-a-bord\/\",\"url\":\"https:\/\/cheersyachting.com\/fr\/la-vie-a-bord\/\",\"name\":\"La vie \u00e0 bord - Cheers Yachting\",\"isPartOf\":{\"@id\":\"https:\/\/cheersyachting.com\/fr\/#website\"},\"datePublished\":\"2019-10-10T12:17:16+00:00\",\"dateModified\":\"2020-11-28T18:02:56+00:00\",\"breadcrumb\":{\"@id\":\"https:\/\/cheersyachting.com\/fr\/la-vie-a-bord\/#breadcrumb\"},\"inLanguage\":\"fr-FR\",\"potentialAction\":[{\"@type\":\"ReadAction\",\"target\":[\"https:\/\/cheersyachting.com\/fr\/la-vie-a-bord\/\"]}]},{\"@type\":\"BreadcrumbList\",\"@id\":\"https:\/\/cheersyachting.com\/fr\/la-vie-a-bord\/#breadcrumb\",\"itemListElement\":[{\"@type\":\"ListItem\",\"position\":1,\"name\":\"Ana sayfa\",\"item\":\"https:\/\/cheersyachting.com\/fr\/\"},{\"@type\":\"ListItem\",\"position\":2,\"name\":\"La vie \u00e0 bord\"}]},{\"@type\":\"WebSite\",\"@id\":\"https:\/\/cheersyachting.com\/fr\/#website\",\"url\":\"https:\/\/cheersyachting.com\/fr\/\",\"name\":\"Cheers Yachting\",\"description\":\"Cheers Yacht Charter\",\"potentialAction\":[{\"@type\":\"SearchAction\",\"target\":{\"@type\":\"EntryPoint\",\"urlTemplate\":\"https:\/\/cheersyachting.com\/fr\/?s={search_term_string}\"},\"query-input\":{\"@type\":\"PropertyValueSpecification\",\"valueRequired\":true,\"valueName\":\"search_term_string\"}}],\"inLanguage\":\"fr-FR\"}]}<\/script>\n<!-- \/ Yoast SEO plugin. -->","yoast_head_json":{"title":"La vie \u00e0 bord - Cheers Yachting","robots":{"index":"index","follow":"follow","max-snippet":"max-snippet:-1","max-image-preview":"max-image-preview:large","max-video-preview":"max-video-preview:-1"},"canonical":"https:\/\/cheersyachting.com\/fr\/la-vie-a-bord\/","og_locale":"fr_FR","og_type":"article","og_title":"La vie \u00e0 bord - Cheers Yachting","og_url":"https:\/\/cheersyachting.com\/fr\/la-vie-a-bord\/","og_site_name":"Cheers Yachting","article_publisher":"https:\/\/www.facebook.com\/cheersyachting\/","article_modified_time":"2020-11-28T18:02:56+00:00","og_image":[{"width":839,"height":353,"url":"https:\/\/cheersyachting.com\/wp-content\/uploads\/Cheers-Yachting-Logo.jpg","type":"image\/jpeg"}],"twitter_card":"summary_large_image","twitter_misc":{"Dur\u00e9e de lecture estim\u00e9e":"4 minutes"},"schema":{"@context":"https:\/\/schema.org","@graph":[{"@type":"WebPage","@id":"https:\/\/cheersyachting.com\/fr\/la-vie-a-bord\/","url":"https:\/\/cheersyachting.com\/fr\/la-vie-a-bord\/","name":"La vie \u00e0 bord - Cheers Yachting","isPartOf":{"@id":"https:\/\/cheersyachting.com\/fr\/#website"},"datePublished":"2019-10-10T12:17:16+00:00","dateModified":"2020-11-28T18:02:56+00:00","breadcrumb":{"@id":"https:\/\/cheersyachting.com\/fr\/la-vie-a-bord\/#breadcrumb"},"inLanguage":"fr-FR","potentialAction":[{"@type":"ReadAction","target":["https:\/\/cheersyachting.com\/fr\/la-vie-a-bord\/"]}]},{"@type":"BreadcrumbList","@id":"https:\/\/cheersyachting.com\/fr\/la-vie-a-bord\/#breadcrumb","itemListElement":[{"@type":"ListItem","position":1,"name":"Ana sayfa","item":"https:\/\/cheersyachting.com\/fr\/"},{"@type":"ListItem","position":2,"name":"La vie \u00e0 bord"}]},{"@type":"WebSite","@id":"https:\/\/cheersyachting.com\/fr\/#website","url":"https:\/\/cheersyachting.com\/fr\/","name":"Cheers Yachting","description":"Cheers Yacht Charter","potentialAction":[{"@type":"SearchAction","target":{"@type":"EntryPoint","urlTemplate":"https:\/\/cheersyachting.com\/fr\/?s={search_term_string}"},"query-input":{"@type":"PropertyValueSpecification","valueRequired":true,"valueName":"search_term_string"}}],"inLanguage":"fr-FR"}]}},"_links":{"self":[{"href":"https:\/\/cheersyachting.com\/fr\/wp-json\/wp\/v2\/pages\/2837","targetHints":{"allow":["GET"]}}],"collection":[{"href":"https:\/\/cheersyachting.com\/fr\/wp-json\/wp\/v2\/pages"}],"about":[{"href":"https:\/\/cheersyachting.com\/fr\/wp-json\/wp\/v2\/types\/page"}],"author":[{"embeddable":true,"href":"https:\/\/cheersyachting.com\/fr\/wp-json\/wp\/v2\/users\/1"}],"replies":[{"embeddable":true,"href":"https:\/\/cheersyachting.com\/fr\/wp-json\/wp\/v2\/comments?post=2837"}],"version-history":[{"count":13,"href":"https:\/\/cheersyachting.com\/fr\/wp-json\/wp\/v2\/pages\/2837\/revisions"}],"predecessor-version":[{"id":3423,"href":"https:\/\/cheersyachting.com\/fr\/wp-json\/wp\/v2\/pages\/2837\/revisions\/3423"}],"wp:attachment":[{"href":"https:\/\/cheersyachting.com\/fr\/wp-json\/wp\/v2\/media?parent=2837"}],"curies":[{"name":"wp","href":"https:\/\/api.w.org\/{rel}","templated":true}]}}